{"id":1961,"date":"2017-09-27T17:26:13","date_gmt":"2017-09-27T17:26:13","guid":{"rendered":"http:\/\/export-1.test-tangibledesign.net\/?page_id=1961"},"modified":"2025-05-15T22:08:24","modified_gmt":"2025-05-15T21:08:24","slug":"o-nas","status":"publish","type":"page","link":"https:\/\/monteonline.org\/sr\/o-nas\/","title":{"rendered":"O nama"},"content":{"rendered":"<div class=\"wpb-content-wrapper\"><div class=\"vc_row wpb_row vc_row-fluid vc_custom_1747339786548\"><div class=\"wpb_column vc_column_container vc_col-sm-12\"><div class=\"vc_column-inner\"><div class=\"wpb_wrapper\"><h1 style=\"text-align: center\" class=\"vc_custom_heading vc_do_custom_heading vc_custom_1747339725836\" >Na\u0161e znanje, iskustvo, vje\u0161tine i zanatstvo \u0107e se preto\u010diti u va\u0161u udobnost, osje\u0107aj pouzdanosti i stabilnosti.<\/h1><\/div><\/div><\/div><\/div><div class=\"vc_row wpb_row vc_row-fluid\"><div class=\"wpb_column vc_column_container vc_col-sm-12\"><div class=\"vc_column-inner\"><div class=\"wpb_wrapper\"><div class=\"vc_empty_space\"   style=\"height: 32px\"><span class=\"vc_empty_space_inner\"><\/span><\/div><\/div><\/div><\/div><\/div><div class=\"vc_row wpb_row vc_row-fluid\"><div class=\"wpb_column vc_column_container vc_col-sm-12\"><div class=\"vc_column-inner\"><div class=\"wpb_wrapper\">\n\t<div  class=\"wpb_single_image wpb_content_element vc_align_left wpb_content_element\">\n\t\t\n\t\t<figure class=\"wpb_wrapper vc_figure\">\n\t\t\t<div class=\"vc_single_image-wrapper   vc_box_border_grey\"><img loading=\"lazy\" decoding=\"async\" width=\"1920\" height=\"1226\" src=\"https:\/\/monteonline.org\/wp-content\/uploads\/2025\/05\/monteonline_team_01.jpg\" class=\"vc_single_image-img attachment-full\" alt=\"Monteonline tim\" title=\"Monteonline tim\" srcset=\"https:\/\/monteonline.org\/wp-content\/uploads\/2025\/05\/monteonline_team_01.jpg 1920w, https:\/\/monteonline.org\/wp-content\/uploads\/2025\/05\/monteonline_team_01-300x192.jpg 300w, https:\/\/monteonline.org\/wp-content\/uploads\/2025\/05\/monteonline_team_01-1024x654.jpg 1024w, https:\/\/monteonline.org\/wp-content\/uploads\/2025\/05\/monteonline_team_01-768x490.jpg 768w, https:\/\/monteonline.org\/wp-content\/uploads\/2025\/05\/monteonline_team_01-1536x981.jpg 1536w, https:\/\/monteonline.org\/wp-content\/uploads\/2025\/05\/monteonline_team_01-18x12.jpg 18w\" sizes=\"(max-width: 1920px) 100vw, 1920px\" \/><\/div>\n\t\t<\/figure>\n\t<\/div>\n<\/div><\/div><\/div><\/div><div class=\"vc_row wpb_row vc_row-fluid vc_custom_1530610329126\"><div class=\"wpb_column vc_column_container vc_col-sm-12\"><div class=\"vc_column-inner vc_custom_1530610352446\"><div class=\"wpb_wrapper\">\n\t<div class=\"wpb_text_column wpb_content_element\" >\n\t\t<div class=\"wpb_wrapper\">\n\t\t\t<p class=\"\" data-start=\"328\" data-end=\"595\"><strong data-start=\"328\" data-end=\"468\">Mi smo \u2014, premium agencija za nekretnine s preko 13 godina iskustva, specijalizirana za luksuzne nekretnine i pru\u017eanje najvi\u0161eg nivoa usluge.<\/strong> Na\u0161 tim prati klijente u svakoj fazi \u2014, od prvog upita do transakcije i postprodajne usluge.<\/p>\n<p class=\"\" data-start=\"597\" data-end=\"809\">Nudimo pa\u017eljivo odabrane nekretnine na najpresti\u017enijim lokacijama u zemlji: apartmane, ku\u0107e, vile i zemlji\u0161ta \u2014. Mo\u017eete biti sigurni u kvalitet ponuda i potpunu pravnu transparentnost transakcija.<\/p>\n<h3 class=\"\" data-start=\"75\" data-end=\"113\">Puni asortiman usluga <strong data-start=\"99\" data-end=\"113\">&quot;klju\u010d u ruke&quot;<\/strong><\/h3>\n<p class=\"\" data-start=\"115\" data-end=\"274\">Nudimo ne samo izbor nekretnina, ve\u0107 <strong data-start=\"162\" data-end=\"207\">sveobuhvatna podr\u0161ka u svakoj fazi<\/strong>kako bi va\u0161a kupovina bila \u0161to udobnija i sigurnija.<\/p>\n<p class=\"\" data-start=\"276\" data-end=\"299\">Na\u0161e usluge uklju\u010duju:<\/p>\n<ul data-start=\"301\" data-end=\"802\">\n<li class=\"\" data-start=\"301\" data-end=\"373\">\n<p class=\"\" data-start=\"303\" data-end=\"373\"><strong data-start=\"303\" data-end=\"339\">Li\u010dni odabir nekretnina<\/strong> uzimaju\u0107i u obzir va\u0161e ciljeve i bud\u017eet.<\/p>\n<\/li>\n<li class=\"\" data-start=\"374\" data-end=\"432\">\n<p class=\"\" data-start=\"376\" data-end=\"432\"><strong data-start=\"376\" data-end=\"402\">Organizovanje pregleda<\/strong> i online i na licu mjesta.<\/p>\n<\/li>\n<li class=\"\" data-start=\"433\" data-end=\"500\">\n<p class=\"\" data-start=\"435\" data-end=\"500\"><strong data-start=\"435\" data-end=\"466\">Potpuna pravna dubinska analiza<\/strong> podr\u0161ka za objekte i transakcije.<\/p>\n<\/li>\n<li class=\"\" data-start=\"501\" data-end=\"612\">\n<p class=\"\" data-start=\"503\" data-end=\"612\"><strong data-start=\"503\" data-end=\"545\">Priprema svih potrebnih dokumenata<\/strong>, uklju\u010duju\u0107i podr\u0161ku u fazama notarskih usluga i registracije.<\/p>\n<\/li>\n<li class=\"\" data-start=\"613\" data-end=\"694\"><strong data-start=\"697\" data-end=\"722\">Postprodajne usluge<\/strong>: preporuke za popravku i dizajn.<\/li>\n<\/ul>\n<p class=\"\" data-start=\"804\" data-end=\"939\"><strong data-start=\"804\" data-end=\"939\">Kod nas dobijate potpuno pripremljeno \u2014 rje\u0161enje od prvog upoznavanja s tr\u017ei\u0161tem do useljenja ili po\u010detka rada va\u0161eg objekta.<\/strong><\/p>\n<p class=\"\" data-start=\"941\" data-end=\"1039\">Prepustite nama sve brige \u2014, a vi mo\u017eete u\u017eivati u procesu bez stresa i rizika.<\/p>\n<p class=\"\" data-start=\"1105\" data-end=\"1250\">Otkrijte Crnu Goru s nama \u2014 i prona\u0111ite svoj idealan dom uz more ovdje uz povjerenje najvi\u0161eg nivoa usluge i pouzdanosti.<\/p>\n\n\t\t<\/div>\n\t<\/div>\n<div class=\"vc_empty_space\"   style=\"height: 32px\"><span class=\"vc_empty_space_inner\"><\/span><\/div><div class=\"vc_row wpb_row vc_inner vc_row-fluid vc_custom_1747339866715\"><div class=\"wpb_column vc_column_container vc_col-sm-6\"><div class=\"vc_column-inner\"><div class=\"wpb_wrapper\"><div class=\"mh-heading-wrapper--left\">\r\n\t\r\n        <div class=\"mh-heading-wrapper\">\r\n            <h2            class=\"mh-heading  mh-heading--bottom-separator mh-font-size-l\"\r\n            style=\"font-weight:700;\">\r\n\t\t\tMonteonline Statistics        <\/h2>\r\n\r\n\t\t    <\/div>\r\n\r\n\t<\/div><div class=\"stats-block stats-top\"><div class=\"aio-icon-top\"><div class=\"ult-just-icon-wrapper\"><div class=\"align-icon\" style=\"text-align:center;\">\n<div class=\"aio-icon none\"  style=\"color:#cccccc;font-size:40px;display:inline-block;\">\n\t<i class=\"Defaults-home\"><\/i>\n<\/div><\/div><\/div><\/div><div class=\"stats-desc\" id=\"counter-responsv-wrap-1644\"><div id=\"counter_295479326469e457059bfb7\" data-id=\"counter_295479326469e457059bfb7\"  data-ultimate-target='#counter-responsv-wrap-1644 .stats-number'  data-responsive-json-new='{\"font-size\":\"desktop:50px;\",\"line-height\":\"\"}'  class=\"stats-number ult-responsive\" style=\"  color:#26b8c6;\" data-speed=\"3\" data-counter-value=\"1100\" data-separator=\",\" data-decimal=\".\">0<\/div><div id=\"title-counter_295479326469e457059bfb7\"  data-ultimate-target='#counter-responsv-wrap-1644 .stats-text'  data-responsive-json-new='{\"font-size\":\"desktop:24px;\",\"line-height\":\"\"}'  class=\"stats-text ult-responsive\" style=\"font-size:px;  \">Apartmani i vile u na\u0161oj bazi podataka<\/div><\/div><\/div><div class=\"stats-block stats-top\"><div class=\"aio-icon-top\"><div class=\"ult-just-icon-wrapper\"><div class=\"align-icon\" style=\"text-align:center;\">\n<div class=\"aio-icon none\"  style=\"color:#cccccc;font-size:40px;display:inline-block;\">\n\t<i class=\"Defaults-camera\"><\/i>\n<\/div><\/div><\/div><\/div><div class=\"stats-desc\" id=\"counter-responsv-wrap-8381\"><div id=\"counter_239219121869e457059c053\" data-id=\"counter_239219121869e457059c053\"  data-ultimate-target='#counter-responsv-wrap-8381 .stats-number'  data-responsive-json-new='{\"font-size\":\"desktop:50px;\",\"line-height\":\"\"}'  class=\"stats-number ult-responsive\" style=\"  color:#26b8c6;\" data-speed=\"3\" data-counter-value=\"40\" data-separator=\",\" data-decimal=\".\">0<\/div><div id=\"title-counter_239219121869e457059c053\"  data-ultimate-target='#counter-responsv-wrap-8381 .stats-text'  data-responsive-json-new='{\"font-size\":\"desktop:24px;\",\"line-height\":\"\"}'  class=\"stats-text ult-responsive\" style=\"font-size:px;  \">Jedinstveni autorski izleti<\/div><\/div><\/div><div class=\"stats-block stats-top\"><div class=\"aio-icon-top\"><div class=\"ult-just-icon-wrapper\"><div class=\"align-icon\" style=\"text-align:center;\">\n<div class=\"aio-icon none\"  style=\"color:#cccccc;font-size:40px;display:inline-block;\">\n\t<i class=\"Defaults-group users\"><\/i>\n<\/div><\/div><\/div><\/div><div class=\"stats-desc\" id=\"counter-responsv-wrap-5377\"><div id=\"counter_222780196969e457059c0f4\" data-id=\"counter_222780196969e457059c0f4\"  data-ultimate-target='#counter-responsv-wrap-5377 .stats-number'  data-responsive-json-new='{\"font-size\":\"desktop:50px;\",\"line-height\":\"\"}'  class=\"stats-number ult-responsive\" style=\"  color:#26b8c6;\" data-speed=\"3\" data-counter-value=\"2124\" data-separator=\",\" data-decimal=\".\">0<\/div><div id=\"title-counter_222780196969e457059c0f4\"  data-ultimate-target='#counter-responsv-wrap-5377 .stats-text'  data-responsive-json-new='{\"font-size\":\"desktop:24px;\",\"line-height\":\"\"}'  class=\"stats-text ult-responsive\" style=\"font-size:px;  \">Zahtjevi klijenata<\/div><\/div><\/div><\/div><\/div><\/div><div class=\"wpb_column vc_column_container vc_col-sm-6\"><div class=\"vc_column-inner\"><div class=\"wpb_wrapper\"><div class=\"mh-heading-wrapper--left\">\r\n\t\r\n        <div class=\"mh-heading-wrapper\">\r\n            <h2            class=\"mh-heading  mh-heading--bottom-separator mh-font-size-l\"\r\n            style=\"font-weight:700;\">\r\n\t\t\tDa nas kontaktirate        <\/h2>\r\n\r\n\t\t    <\/div>\r\n\r\n\t<\/div>\n<div class=\"wpcf7 no-js\" id=\"wpcf7-f1676-o1\" lang=\"en-US\" dir=\"ltr\" data-wpcf7-id=\"1676\">\n<div class=\"screen-reader-response\"><p role=\"status\" aria-live=\"polite\" aria-atomic=\"true\"><\/p> <ul><\/ul><\/div>\n<form action=\"\/sr\/wp-json\/wp\/v2\/pages\/1961#wpcf7-f1676-o1\" method=\"post\" class=\"wpcf7-form init\" aria-label=\"kontakt obrazac\" novalidate=\"novalidate\" data-status=\"init\" data-trp-original-action=\"\/sr\/wp-json\/wp\/v2\/pages\/1961#wpcf7-f1676-o1\">\n<div style=\"display: none;\">\n<input type=\"hidden\" name=\"_wpcf7\" value=\"1676\" \/>\n<input type=\"hidden\" name=\"_wpcf7_version\" value=\"6.0.5\" \/>\n<input type=\"hidden\" name=\"_wpcf7_locale\" value=\"en_US\" \/>\n<input type=\"hidden\" name=\"_wpcf7_unit_tag\" value=\"wpcf7-f1676-o1\" \/>\n<input type=\"hidden\" name=\"_wpcf7_container_post\" value=\"0\" \/>\n<input type=\"hidden\" name=\"_wpcf7_posted_data_hash\" value=\"\" \/>\n<input type=\"hidden\" name=\"_wpcf7cf_hidden_group_fields\" value=\"[]\" \/>\n<input type=\"hidden\" name=\"_wpcf7cf_hidden_groups\" value=\"[]\" \/>\n<input type=\"hidden\" name=\"_wpcf7cf_visible_groups\" value=\"[]\" \/>\n<input type=\"hidden\" name=\"_wpcf7cf_repeaters\" value=\"[]\" \/>\n<input type=\"hidden\" name=\"_wpcf7cf_steps\" value=\"{}\" \/>\n<input type=\"hidden\" name=\"_wpcf7cf_options\" value=\"{&quot;form_id&quot;:1676,&quot;conditions&quot;:[],&quot;settings&quot;:{&quot;animation&quot;:&quot;yes&quot;,&quot;animation_intime&quot;:&quot;200&quot;,&quot;animation_outtime&quot;:&quot;200&quot;,&quot;conditions_ui&quot;:&quot;normal&quot;,&quot;notice_dismissed&quot;:&quot;&quot;}}\" \/>\n<input type=\"hidden\" name=\"_wpcf7_recaptcha_response\" value=\"\" \/>\n<\/div>\n<p><label><span class=\"wpcf7-form-control-wrap\" data-name=\"your-name\"><input size=\"40\" maxlength=\"400\" class=\"wpcf7-form-control wpcf7-text wpcf7-validates-as-required\" aria-required=\"true\" aria-invalid=\"false\" placeholder=\"Tvoje ime*\" value=\"\" type=\"text\" name=\"your-name\" \/><\/span><\/label><br \/>\n<label><span class=\"wpcf7-form-control-wrap\" data-name=\"your-email\"><input size=\"40\" maxlength=\"400\" class=\"wpcf7-form-control wpcf7-email wpcf7-validates-as-required wpcf7-text wpcf7-validates-as-email\" aria-required=\"true\" aria-invalid=\"false\" placeholder=\"E-mail*\" value=\"\" type=\"email\" name=\"your-email\" \/><\/span><\/label><br \/>\n<label><span class=\"wpcf7-form-control-wrap\" data-name=\"your-subject\"><input size=\"40\" maxlength=\"400\" class=\"wpcf7-form-control wpcf7-text\" aria-invalid=\"false\" placeholder=\"Tema\" value=\"\" type=\"text\" name=\"your-subject\" \/><\/span> <\/label><br \/>\n<label><span class=\"wpcf7-form-control-wrap\" data-name=\"your-message\"><textarea cols=\"40\" rows=\"10\" maxlength=\"2000\" class=\"wpcf7-form-control wpcf7-textarea\" aria-invalid=\"false\" placeholder=\"Poruka\" name=\"your-message\"><\/textarea><\/span> <\/label><br \/>\n<input class=\"wpcf7-form-control wpcf7-submit has-spinner\" type=\"submit\" value=\"Po\u0161alji\" \/>\n<\/p><div class=\"wpcf7-response-output\" aria-hidden=\"true\"><\/div>\n<input type=\"hidden\" name=\"trp-form-language\" value=\"sr\"\/><\/form>\n<\/div>\n<\/div><\/div><\/div><\/div><\/div><\/div><\/div><\/div><div class=\"vc_row wpb_row vc_row-fluid vc_custom_1674920336659\"><div class=\"wpb_column vc_column_container vc_col-sm-12\"><div class=\"vc_column-inner\"><div class=\"wpb_wrapper\"><div class=\"wpb_gmaps_widget wpb_content_element\"><div class=\"wpb_wrapper\"><div class=\"wpb_map_wraper\"><iframe src=\"https:\/\/www.google.com\/maps\/embed?pb=!1m18!1m12!1m3!1d5989.397424760259!2d18.683499726469318!3d42.44637146601099!2m3!1f0!2f0!3f0!3m2!1i1024!2i768!4f13.1!3m3!1m2!1s0x134c31e0ca4690e3%3A0xb3b085f8852dade7!2sMonteonline!5e1!3m2!1sru!2s!4v1674913090592!5m2!1sru!2s\" width=\"600\" height=\"450\" style=\"border:0;\" allowfullscreen=\"\" loading=\"lazy\" referrerpolicy=\"no-referrer-when-downgrade\"><\/iframe><\/div><\/div><\/div><\/div><\/div><\/div><\/div>\n<\/div>","protected":false},"excerpt":{"rendered":"Na\u0161e znanje, iskustvo, vje\u0161tine i vje\u0161tina \u0107e se prenijeti u va\u0161u udobnost, osje\u0107aj pouzdanosti i stabilnosti. Mi smo \u2014, vrhunska agencija za nekretnine s preko 13 godina iskustva, specijalizirana za nekretnine visoke klase i pru\u017eanje najvi\u0161eg nivoa usluge. Na\u0161 tim prati klijente u svakoj fazi \u2014, od prvog upita do transakcije i postprodajne usluge. Pa\u017eljivo nudimo [...]","protected":false},"author":1,"featured_media":0,"parent":0,"menu_order":0,"comment_status":"closed","ping_status":"closed","template":"page_full-width-with-top-title.php","meta":{"_acf_changed":false,"_themeisle_gutenberg_block_has_review":false,"footnotes":""},"class_list":["post-1961","page","type-page","status-publish","hentry"],"acf":[],"_links":{"self":[{"href":"https:\/\/monteonline.org\/sr\/wp-json\/wp\/v2\/pages\/1961"}],"collection":[{"href":"https:\/\/monteonline.org\/sr\/wp-json\/wp\/v2\/pages"}],"about":[{"href":"https:\/\/monteonline.org\/sr\/wp-json\/wp\/v2\/types\/page"}],"author":[{"embeddable":true,"href":"https:\/\/monteonline.org\/sr\/wp-json\/wp\/v2\/users\/1"}],"replies":[{"embeddable":true,"href":"https:\/\/monteonline.org\/sr\/wp-json\/wp\/v2\/comments?post=1961"}],"version-history":[{"count":81,"href":"https:\/\/monteonline.org\/sr\/wp-json\/wp\/v2\/pages\/1961\/revisions"}],"predecessor-version":[{"id":76396,"href":"https:\/\/monteonline.org\/sr\/wp-json\/wp\/v2\/pages\/1961\/revisions\/76396"}],"wp:attachment":[{"href":"https:\/\/monteonline.org\/sr\/wp-json\/wp\/v2\/media?parent=1961"}],"curies":[{"name":"wp","href":"https:\/\/api.w.org\/{rel}","templated":true}]}}