{"id":2199,"date":"2017-10-03T21:01:39","date_gmt":"2017-10-03T21:01:39","guid":{"rendered":"http:\/\/export-1.test-tangibledesign.net\/?page_id=2199"},"modified":"2026-04-02T02:05:13","modified_gmt":"2026-04-02T00:05:13","slug":"kollekcziya-krasivyh-domov-v-chernogorii","status":"publish","type":"page","link":"https:\/\/monteonline.org\/sr\/kollekcziya-krasivyh-domov-v-chernogorii\/","title":{"rendered":"Kolekcija prekrasnih ku\u0107a u Crnoj Gori"},"content":{"rendered":"<div class=\"wpb-content-wrapper\"><div data-vc-full-width=\"true\" data-vc-full-width-init=\"false\" class=\"vc_row wpb_row vc_row-fluid vc_custom_1707938744330 vc_row-has-fill\"><div class=\"wpb_column vc_column_container vc_col-sm-12\"><div class=\"vc_column-inner\"><div class=\"wpb_wrapper\"><div class=\"\">\r\n\t\r\n        <div class=\"mh-heading-wrapper\">\r\n            <h1            class=\"mh-heading mh-color-white  mh-font-size-xl   vc_custom_1775088291156\"\r\n            style=\"font-weight:700;\">\r\n\t\t\tKOLEKCIJA NAJLJEP\u0160IH KU\u0106A U CRNOJ GORI        <\/h1>\r\n\r\n\t\t    <\/div>\r\n\r\n\t<\/div><\/div><\/div><\/div><\/div><div class=\"vc_row-full-width vc_clearfix\"><\/div><!-- Row Backgrounds --><div class=\"upb_color\" data-bg-override=\"0\" data-bg-color=\"rgba(0,0,0,0.3)\" data-fadeout=\"\" data-fadeout-percentage=\"30\" data-parallax-content=\"\" data-parallax-content-sense=\"30\" data-row-effect-mobile-disable=\"true\" data-img-parallax-mobile-disable=\"true\" data-rtl=\"false\"  data-custom-vc-row=\"\"  data-vc=\"8.2\"  data-is_old_vc=\"\"  data-theme-support=\"\"   data-overlay=\"false\" data-overlay-color=\"\" data-overlay-pattern=\"\" data-overlay-pattern-opacity=\"\" data-overlay-pattern-size=\"\"    ><\/div><div class=\"vc_row wpb_row vc_row-fluid\"><div class=\"wpb_column vc_column_container vc_col-sm-12\"><div class=\"vc_column-inner\"><div class=\"wpb_wrapper\"><div class=\"\">\r\n\t\r\n        <div class=\"mh-heading-wrapper\">\r\n            <h3            class=\"mh-heading\"\r\n            style=\"font-weight:700;\">\r\n\t\t\tIGRAJTE SE U SVIJET PRAVE LJEPOTE        <\/h3>\r\n\r\n\t\t    <\/div>\r\n\r\n\t<\/div><\/div><\/div><\/div><\/div><div class=\"vc_row wpb_row vc_row-fluid vc_custom_1707668834813\"><div class=\"wpb_column vc_column_container vc_col-sm-12\"><div class=\"vc_column-inner\"><div class=\"wpb_wrapper\">\n\t<div class=\"wpb_text_column wpb_content_element\" >\n\t\t<div class=\"wpb_wrapper\">\n\t\t\t<p style=\"text-align: left;\">Prijatelji, pripremili smo ne\u0161to ekskluzivno za vas: pa\u017eljivo odabranu kolekciju prelijepih ku\u0107a u Crnoj Gori - ovdje \u0107ete na\u0107i i kamene, tradicionalne ku\u0107e, i luksuzne vile sa bazenom, i moderne ku\u0107e, i vrlo jednostavne ku\u0107e, ali imaju svoje odre\u0111eni \u0161arm i estetika. Svaka ku\u0107a ovdje ima svoj jedinstveni \u0161arm. Dugo smo skupljali ove bisere \u0161irom crnogorskog primorja i sada mo\u017eete izabrati za sebe ne samo ku\u0107u, ve\u0107 pravo udobno gnijezdo koje \u0107e zadovoljiti vas i va\u0161u porodicu.<\/p>\n\n\t\t<\/div>\n\t<\/div>\n<div class=\"vc_separator wpb_content_element vc_separator_align_center vc_sep_width_50 vc_sep_pos_align_center vc_separator_no_text vc_sep_color_grey wpb_content_element  wpb_content_element\" ><span class=\"vc_sep_holder vc_sep_holder_l\"><span class=\"vc_sep_line\"><\/span><\/span><span class=\"vc_sep_holder vc_sep_holder_r\"><span class=\"vc_sep_line\"><\/span><\/span>\n<\/div><div class=\"\">\r\n\t\r\n        <div class=\"mh-heading-wrapper\">\r\n            <h4            class=\"mh-heading      vc_custom_1707938993214\"\r\n            style=\"font-weight:700;\">\r\n\t\t\t\u017delite li dobiti individualni odabir ku\u0107a? Po\u0161aljite nam upit!        <\/h4>\r\n\r\n\t\t    <\/div>\r\n\r\n\t<\/div><div style=\"text-align:center;\"\r\n\t class=\"vc_custom_1707939891144\">\r\n\t<a href=\"https:\/\/monteonline.org\/sr\/ostavit-zapros-na-pokupku-nedvizhimosti\/\"\r\n\t   class=\"mdl-button mdl-js-button mdl-button--raised mdl-button--primary mdl-button--lg\"\r\n\t   title=\"Ostavite zahtjev\"\r\n\t   target=\"_self\"\r\n\t>\r\n\t\tOstavite zahtjev\t<\/a>\r\n<\/div>\t\t<listing-grid\r\n\t\t\tid=\"myhome-listing-grid\"\r\n\t\t\tclass=\"\"\r\n\t\t\tconfig-key='MyHomeListing1776663435'\r\n\t\t>\r\n\t\t\t                <div class=\"mh-sidebar-more\">\r\n                    <div class=\"mh-sidebar-more__content\">\r\n\t                    <section id=\"block-8\" class=\"widget widget_block\">\n<ul class=\"wp-block-list\"><\/ul>\n<\/section>                    <\/div>\r\n                    <div class=\"mh-sidebar-more__info\">\r\n                        <h3>\u010cuvar mjesta<\/h3>\r\n                        <div>Za dodavanje ili izmjenu elemenata u ovoj oblasti, koristite &quot;Backend Editor&quot;<\/div>\r\n                    <\/div>\r\n                <\/div>\r\n\t\t\t\t\t<\/listing-grid>\r\n\t\t<\/div><\/div><\/div><\/div>\n<\/div>","protected":false},"excerpt":{"rendered":"KOLEKCIJA PREKRASNIH KU\u0106A U CRNOJ GORI URONITE SE U SVIJET LJEPOTE NEKRETNINA Prijatelji, pripremili smo ne\u0161to ekskluzivno za vas: pa\u017eljivo odabranu kolekciju prelijepih ku\u0107a u Crnoj Gori - ovdje \u0107ete na\u0107i kamene, tradicionalne ku\u0107e, i elitne vile sa bazenom i bazenom, ali i svoje moderne ku\u0107e, ali i svoje moderne ku\u0107e. Svaka ku\u0107a ovdje ima [...]","protected":false},"author":1,"featured_media":0,"parent":0,"menu_order":0,"comment_status":"closed","ping_status":"closed","template":"page_full-width.php","meta":{"_acf_changed":false,"_themeisle_gutenberg_block_has_review":false,"footnotes":""},"class_list":["post-2199","page","type-page","status-publish","hentry"],"acf":[],"_links":{"self":[{"href":"https:\/\/monteonline.org\/sr\/wp-json\/wp\/v2\/pages\/2199"}],"collection":[{"href":"https:\/\/monteonline.org\/sr\/wp-json\/wp\/v2\/pages"}],"about":[{"href":"https:\/\/monteonline.org\/sr\/wp-json\/wp\/v2\/types\/page"}],"author":[{"embeddable":true,"href":"https:\/\/monteonline.org\/sr\/wp-json\/wp\/v2\/users\/1"}],"replies":[{"embeddable":true,"href":"https:\/\/monteonline.org\/sr\/wp-json\/wp\/v2\/comments?post=2199"}],"version-history":[{"count":68,"href":"https:\/\/monteonline.org\/sr\/wp-json\/wp\/v2\/pages\/2199\/revisions"}],"predecessor-version":[{"id":89580,"href":"https:\/\/monteonline.org\/sr\/wp-json\/wp\/v2\/pages\/2199\/revisions\/89580"}],"wp:attachment":[{"href":"https:\/\/monteonline.org\/sr\/wp-json\/wp\/v2\/media?parent=2199"}],"curies":[{"name":"wp","href":"https:\/\/api.w.org\/{rel}","templated":true}]}}