{"id":52454,"date":"2012-03-08T16:36:30","date_gmt":"2012-03-08T15:36:30","guid":{"rendered":"https:\/\/monteonline.ru\/where\/"},"modified":"2023-01-29T14:45:25","modified_gmt":"2023-01-29T13:45:25","slug":"where","status":"publish","type":"page","link":"https:\/\/monteonline.org\/sr\/where\/","title":{"rendered":"Gdje odmoriti"},"content":{"rendered":"<h3>Letnji odmor<\/h3>\n<p>U Crnoj Gori, u ljetnoj sezoni, mo\u017eda i najve\u0107i izbor gdje se mo\u017eete opustiti. Na primjer, sezona kupanja po\u010dinje u aprilu, ali vru\u0107e i suho ljeto sa mediteranskom klimom pru\u017eit \u0107e ljubitelje pr\u017eenja na suncu. Temperatura vazduha varira od 25 do 30C. More se zagrijava do 25C. \u0160to se ti\u010de pla\u017ea u Crnoj Gori, ima pone\u0161to za sva\u010diji ukus. Ipak, njihova ukupna du\u017eina je oko 75 km, tako da se ovde mo\u017ee na\u0107i i sitni pesak (u jugoisto\u010dnom delu obale, u blizini grada Kosova). <a title=\"Ulcinj, Crna Gora\" href=\"http:\/\/monteonline.ru\/guide\/ulzin\/\" target=\"_blank\" rel=\"noopener noreferrer\">Ulcinj<\/a>), te \u0161ljun\u010dane pla\u017ee (na jugozapadu, u blizini <a title=\"Herceg Novi, Crna Gora\" href=\"http:\/\/monteonline.ru\/guide\/hertzeg-novi\/\" target=\"_blank\" rel=\"noopener noreferrer\">Herceg Novi<\/a>). Voda u Jadranskom moru je jednostavno kristalno \u010dista. Vrlo \u010desto se na pla\u017eama Crne Gore mo\u017ee vidjeti plava zastava, koja je garancija kvaliteta priobalnih voda.<\/p>\n<figure id=\"attachment_2862\" aria-describedby=\"caption-attachment-2862\" style=\"width: 1000px\" class=\"wp-caption alignnone\"><a href=\"https:\/\/monteonline.ru\/wp-content\/uploads\/2023\/01\/0-8.jpg\" rel=\"slide noopener\" target=\"_blank\"><img loading=\"lazy\" decoding=\"async\" class=\"wp-image-2862 size-large\" src=\"https:\/\/monteonline.ru\/wp-content\/uploads\/2023\/01\/0-8.jpg\" alt=\"Velika pla\u017ea (Ulcinj, Crna Gora)\" width=\"1000\" height=\"664\"><\/a><figcaption id=\"caption-attachment-2862\" class=\"wp-caption-text\">Velika pla\u017ea (Ulcinj, Crna Gora)<\/figcaption><\/figure>\n<p><a title=\"Skadarsko jezero, Crna Gora\" href=\"http:\/\/monteonline.ru\/guide\/skadarsko-jezero\/\" target=\"_blank\" rel=\"noopener noreferrer\">Skadarsko jezero<\/a> - Zanimljiv spomenik prirode. Jezero je okru\u017eeno slikovitim i veli\u010danstvenim planinama, a po samom jezeru rasut je ogroman broj lokvanja i druge vegetacije. Za ljubitelje raftinga i kanjoninga, ovdje je najdublji kanjon Tare u Evropi (dubina do 1300 m). Tako\u0111er kampiranje oko jezera.<\/p>\n<figure id=\"attachment_2861\" aria-describedby=\"caption-attachment-2861\" style=\"width: 1000px\" class=\"wp-caption alignnone\"><a href=\"https:\/\/monteonline.ru\/wp-content\/uploads\/2023\/01\/1-32.jpg\" rel=\"slide noopener\" target=\"_blank\"><img loading=\"lazy\" decoding=\"async\" class=\"wp-image-2861 size-large\" src=\"https:\/\/monteonline.ru\/wp-content\/uploads\/2023\/01\/1-32.jpg\" alt=\"Skijanje na Skadarskom jezeru (Crna Gora)\" width=\"1000\" height=\"664\"><\/a><figcaption id=\"caption-attachment-2861\" class=\"wp-caption-text\">Skijanje na Skadarskom jezeru (Crna Gora)<\/figcaption><\/figure>\n<p>Obavezno posjetiti <a title=\"Boka Kotorska\" href=\"http:\/\/monteonline.ru\/guide\/boka-kotorska\/\" target=\"_blank\" rel=\"noopener noreferrer\">Boka Kotorska<\/a>, jedno od najljep\u0161ih prirodnih podru\u010dja na svijetu. Ovdje se na strani planine \u0161iri <a href=\"http:\/\/monteonline.ru\/guide\/kotor\/\/\" target=\"_blank\" rel=\"noopener noreferrer\">Kotor<\/a>, koji ima jedinstvenu arhitekturu, koji je za\u0161ti\u0107eni svjetski i istorijski objekt UNESCO-a. Ovdje mo\u017eete prona\u0107i smje\u0161taj sa prekrasnim pogledom na zaljev.<br \/>\nLjubitelji starine mogu posjetiti i manastir Ostrog, koji je centar vjerskog hodo\u010da\u0161\u0107a. Gornji deo ovog manastira iz 17. veka uzidan je pravo u kre\u010dnja\u010dku stenu planine.<\/p>\n<figure id=\"attachment_2863\" aria-describedby=\"caption-attachment-2863\" style=\"width: 1000px\" class=\"wp-caption alignnone\"><a href=\"https:\/\/monteonline.ru\/wp-content\/uploads\/2023\/01\/22-12.jpg\" rel=\"slide noopener\" target=\"_blank\"><img loading=\"lazy\" decoding=\"async\" class=\"wp-image-2863 size-large\" src=\"https:\/\/monteonline.ru\/wp-content\/uploads\/2023\/01\/22-12.jpg\" alt=\"\u017diva muzika na ulicama Starog grada Kotora (Crna Gora)\" width=\"1000\" height=\"664\"><\/a><figcaption id=\"caption-attachment-2863\" class=\"wp-caption-text\">\u017diva muzika na ulicama Starog grada Kotora (Crna Gora)<\/figcaption><\/figure>\n<figure id=\"attachment_560\" aria-describedby=\"caption-attachment-560\" style=\"width: 1000px\" class=\"wp-caption alignnone\"><a href=\"https:\/\/monteonline.ru\/wp-content\/uploads\/2023\/01\/oldtownkotor06.jpg\" rel=\"slide noopener\" target=\"_blank\"><img loading=\"lazy\" decoding=\"async\" class=\"wp-image-560 size-full\" src=\"https:\/\/monteonline.ru\/wp-content\/uploads\/2023\/01\/oldtownkotor06.jpg\" alt=\"Crkva sv. Luke (lijevo)\" width=\"1000\" height=\"664\"><\/a><figcaption id=\"caption-attachment-560\" class=\"wp-caption-text\">Crkva sv. Luke (lijevo)<\/figcaption><\/figure>\n<h3>Zimski praznici<\/h3>\n<p>Ova vrsta odmora u Crnoj Gori je tako\u0111e veoma popularna, ali morate jasno definisati \u0161ta \u017eelite da prona\u0111ete na brojnim planinskim vrhovima.<\/p>\n<p>Pored toga, Crna Gora se svakako mo\u017ee preporu\u010diti ljubiteljima netaknute prirode i slobodnih padina, \u0161to nije uvijek slu\u010daj sa ure\u0111enim evropskim planinama.<\/p>\n<figure id=\"attachment_2865\" aria-describedby=\"caption-attachment-2865\" style=\"width: 800px\" class=\"wp-caption alignnone\"><a href=\"https:\/\/monteonline.ru\/wp-content\/uploads\/2023\/01\/51.jpg\" rel=\"slide noopener\" target=\"_blank\"><img loading=\"lazy\" decoding=\"async\" class=\"wp-image-2865 size-full\" src=\"https:\/\/monteonline.ru\/wp-content\/uploads\/2023\/01\/51.jpg\" alt=\"Osvajanje snje\u017enih vrhova (Crna Gora)\" width=\"800\" height=\"533\"><\/a><figcaption id=\"caption-attachment-2865\" class=\"wp-caption-text\">Osvajanje snje\u017enih vrhova<\/figcaption><\/figure>\n<p>Crna Gora je zemlja \u0161umara. Mo\u017eete bezbedno da idete kamo god vam o\u010di pogledaju ne optere\u0107uju\u0107i se brojnim dozvolama ili sigurnosnim signalima itd. Spasila\u010dka slu\u017eba, pa\u017eljivo pra\u0107enje planinskih obronaka i \u0161umskih predela nacionalnih parkova prisutni su u potpunosti, dovoljno su profesionalni, pa se ne ose\u0107aju prisustvo. To je potpuno druga\u010dija ideologija.<\/p>\n<p>Ture u Crnu Goru u svrhu aktivne zimske rekreacije prodaju se u dva glavna odmarali\u0161ta - <a title=\"\u017dabljak, Crna Gora\" href=\"http:\/\/monteonline.ru\/guide\/zabljak\/\" target=\"_blank\" rel=\"noopener noreferrer\">\u017dabljak <\/a>i <a href=\"http:\/\/monteonline.ru\/guide\/kolashin\/\" target=\"_blank\" rel=\"noopener noreferrer\">Kola\u0161in<\/a>. Oba odmarali\u0161ta se nalaze na severu zemlje, malo dalje u italijanskim Alpama (a ovo im je, ina\u010de, drago, samo njihovo udaljeno jadransko podno\u017eje, jo\u0161 ne 6 hiljada metara visoko, ali ne\u0161to ni\u017ee) od ostalih zemlje. Vrijedi napomenuti da se tokom raspada Jugoslavije, apsolutno veliki dio skijali\u0161ta u zemlji preselio na teritoriju Bosne i Hercegovine i Slovenije.<\/p>\n<p>I u biv\u0161oj Jugoslaviji bio je poznat netaknut planinski kraj, partijski radnici su se \u010desto odmarali, a uobi\u010dajenim \u201evo\u0111ama i stahanovcima\u201c davali su se uglavnom bonovi za Crno more u Bugarskoj, samo partijski radnik je mogao ra\u010dunati na odmarali\u0161ta Jugoslavije, uklju\u010duju\u0107i Crnu Goru.<br \/>\nIpak, nemojte se previ\u0161e zavoditi, dapa\u010de, nekada\u0161nji sanatoriji za one koji su ve\u0107 upoznali uobi\u010dajeni nivo srednjoevropske hotelske usluge, izgledaju skromno. Hoteli u Crnoj Gori su uglavnom dizajnirani za obi\u010dnog \u010dovjeka sa ulice ili istinskog poznavaoca prirode i opu\u0161tanja. Me\u0111utim, postoji mnogo privatnih stanova prili\u010dno visokog kvaliteta.<\/p>\n<figure id=\"attachment_2866\" aria-describedby=\"caption-attachment-2866\" style=\"width: 800px\" class=\"wp-caption alignnone\"><a href=\"https:\/\/monteonline.ru\/wp-content\/uploads\/2023\/01\/41-1.jpg\" rel=\"slide noopener\" target=\"_blank\"><img loading=\"lazy\" decoding=\"async\" class=\"wp-image-2866 size-full\" src=\"https:\/\/monteonline.ru\/wp-content\/uploads\/2023\/01\/41-1.jpg\" alt=\"Nacionalni park Durmitor zimi \" width=\"800\" height=\"533\"><\/a><figcaption id=\"caption-attachment-2866\" class=\"wp-caption-text\">Nacionalni park Durmitor zimi<\/figcaption><\/figure>\n<figure id=\"attachment_2867\" aria-describedby=\"caption-attachment-2867\" style=\"width: 960px\" class=\"wp-caption alignnone\"><a href=\"https:\/\/monteonline.ru\/wp-content\/uploads\/2023\/01\/63-1.jpg\" rel=\"slide noopener\" target=\"_blank\"><img loading=\"lazy\" decoding=\"async\" class=\"wp-image-2867 size-full\" src=\"https:\/\/monteonline.ru\/wp-content\/uploads\/2023\/01\/63-1.jpg\" alt=\"Netaknuti vrhovi Durmitora (Crna Gora)\" width=\"960\" height=\"447\"><\/a><figcaption id=\"caption-attachment-2867\" class=\"wp-caption-text\">Netaknuti vrhovi Durmitora (Crna Gora)<\/figcaption><\/figure>","protected":false},"excerpt":{"rendered":"<p>Ljetovanje U Crnoj Gori, u ljetnoj sezoni, mo\u017eda i najve\u0107i izbor gdje se mo\u017eete opustiti. Na primjer, sezona kupanja po\u010dinje u aprilu, ali vru\u0107e i suho ljeto sa mediteranskom klimom pru\u017eit \u0107e ljubitelje pr\u017eenja na suncu. Temperatura vazduha varira od 25 do 30C. More se zagrijava do 25C. \u0160to se ti\u010de pla\u017ea u Crnoj Gori, postoje [\u2026]<\/p>","protected":false},"author":1,"featured_media":52463,"parent":0,"menu_order":0,"comment_status":"closed","ping_status":"open","template":"page_full-width-with-top-title.php","meta":{"_acf_changed":false,"_themeisle_gutenberg_block_has_review":false,"footnotes":""},"class_list":["post-52454","page","type-page","status-publish","has-post-thumbnail","hentry"],"acf":[],"_links":{"self":[{"href":"https:\/\/monteonline.org\/sr\/wp-json\/wp\/v2\/pages\/52454"}],"collection":[{"href":"https:\/\/monteonline.org\/sr\/wp-json\/wp\/v2\/pages"}],"about":[{"href":"https:\/\/monteonline.org\/sr\/wp-json\/wp\/v2\/types\/page"}],"author":[{"embeddable":true,"href":"https:\/\/monteonline.org\/sr\/wp-json\/wp\/v2\/users\/1"}],"replies":[{"embeddable":true,"href":"https:\/\/monteonline.org\/sr\/wp-json\/wp\/v2\/comments?post=52454"}],"version-history":[{"count":5,"href":"https:\/\/monteonline.org\/sr\/wp-json\/wp\/v2\/pages\/52454\/revisions"}],"predecessor-version":[{"id":52539,"href":"https:\/\/monteonline.org\/sr\/wp-json\/wp\/v2\/pages\/52454\/revisions\/52539"}],"wp:featuredmedia":[{"embeddable":true,"href":"https:\/\/monteonline.org\/sr\/wp-json\/wp\/v2\/media\/52463"}],"wp:attachment":[{"href":"https:\/\/monteonline.org\/sr\/wp-json\/wp\/v2\/media?parent=52454"}],"curies":[{"name":"wp","href":"https:\/\/api.w.org\/{rel}","templated":true}]}}