{"id":52464,"date":"2012-03-08T16:37:55","date_gmt":"2012-03-08T15:37:55","guid":{"rendered":"https:\/\/monteonline.ru\/how\/"},"modified":"2023-01-29T14:44:24","modified_gmt":"2023-01-29T13:44:24","slug":"how","status":"publish","type":"page","link":"https:\/\/monteonline.org\/sr\/how\/","title":{"rendered":"Kako do\u0107i do Crne Gore"},"content":{"rendered":"<h3>&nbsp;1. Avionom<\/h3>\n<figure id=\"attachment_2839\" aria-describedby=\"caption-attachment-2839\" style=\"width: 800px\" class=\"wp-caption alignnone\"><a href=\"https:\/\/monteonline.ru\/wp-content\/uploads\/2023\/01\/embraer_002_b.jpg\" rel=\"slide noopener\" target=\"_blank\"><img loading=\"lazy\" decoding=\"async\" class=\"wp-image-2839 size-full\" src=\"https:\/\/monteonline.ru\/wp-content\/uploads\/2023\/01\/embraer_002_b.jpg\" alt=\"Avionom je najbr\u017ei na\u010din!\" width=\"800\" height=\"450\"><\/a><figcaption id=\"caption-attachment-2839\" class=\"wp-caption-text\">Avionom je najbr\u017ei na\u010din!<\/figcaption><\/figure>\n<p>U Crnoj Gori postoje dva aerodroma koji primaju me\u0111unarodne letove: <a title=\"Tivat, Crna Gora\" href=\"http:\/\/monteonline.ru\/guide\/tivat\/\" target=\"_blank\" rel=\"noopener noreferrer\">odmarali\u0161te Tivat<\/a> (TIV), koji se nalazi u blizini obale Jadranskog mora, i glavnog grada Podgorice (TGD), koji se nalazi u unutra\u0161njosti. Tivatski aerodrom je pogodan za one koji putuju u okolinu <a title=\"Boka Kotorska\" href=\"http:\/\/monteonline.ru\/guide\/boka-kotorska\/\" target=\"_blank\" rel=\"noopener noreferrer\">Boka Kotorska<\/a>, i <a href=\"http:\/\/monteonline.ru\/guide\/budva\/\/\" target=\"_blank\" rel=\"noopener noreferrer\">Budva<\/a> i <a href=\"http:\/\/monteonline.ru\/guide\/bar\/\" target=\"_blank\" rel=\"noopener noreferrer\">Barska rivijera<\/a>, dok je aerodrom Podgorica bli\u017ei <a href=\"http:\/\/monteonline.ru\/guide\/ulzin\/\/\" target=\"_blank\" rel=\"noopener noreferrer\">Ulcinj<\/a>. Oba aerodroma primaju letove iz Moskve, vrijeme putovanja cca. 3 sata. Mnoge avio-kompanije obavljaju redovne direktne letove iz Moskve za Crnu Goru. Kod nas mo\u017eete rezervirati karte po najatraktivnijim cijenama \u2014 modul za pretragu avionskih karata nalazi se u lijevom meniju!<\/p>\n<h3>2. Trajektom<\/h3>\n<figure id=\"attachment_2840\" aria-describedby=\"caption-attachment-2840\" style=\"width: 1000px\" class=\"wp-caption alignnone\"><a href=\"https:\/\/monteonline.ru\/wp-content\/uploads\/2023\/01\/ferry1.jpg\" rel=\"slide noopener\" target=\"_blank\"><img loading=\"lazy\" decoding=\"async\" class=\"wp-image-2840 size-large\" src=\"https:\/\/monteonline.ru\/wp-content\/uploads\/2023\/01\/ferry1.jpg\" alt=\"Trajektom - iz Italije u Crnu Goru - \u0161ta mo\u017ee biti zanimljivije?!\" width=\"1000\" height=\"505\"><\/a><figcaption id=\"caption-attachment-2840\" class=\"wp-caption-text\">Na trajektu - od Italije do Crne Gore - \u0161ta bi moglo biti zanimljivije?!<\/figcaption><\/figure>\n<p>Carrier <a href=\"http:\/\/www.montenegrolines.net\" target=\"_blank\" rel=\"noopener\">Montenegro Lines<\/a>, web stranica kompanije je dostupna na engleskom jeziku, otvorena je prodaja elektronskih karata. Trajekt saobra\u0107a od italijanskih gradova Barija i Ankone do crnogorskog Bara i nazad. Vrijeme putovanja je oko 9 sati (vrijeme polaska u 7:00 i 22:00). Za boravak u Italiji potrebna je \u0161engenska viza. Prosje\u010dna cijena karte po osobi je oko 70 eura, trajekt prevozi automobile.<\/p>\n<h3>3. Vlakom<\/h3>\n<figure id=\"attachment_2841\" aria-describedby=\"caption-attachment-2841\" style=\"width: 750px\" class=\"wp-caption alignnone\"><a href=\"https:\/\/monteonline.ru\/wp-content\/uploads\/2023\/01\/16-018.jpg\" rel=\"slide noopener\" target=\"_blank\"><img loading=\"lazy\" decoding=\"async\" class=\"wp-image-2841\" src=\"https:\/\/monteonline.ru\/wp-content\/uploads\/2023\/01\/16-018.jpg\" alt=\"Dugo, ali ima vremena za razmi\u0161ljanje o lepoti koja leti!\" width=\"750\" height=\"486\"><\/a><figcaption id=\"caption-attachment-2841\" class=\"wp-caption-text\">Dugo, ali ima vremena za razmi\u0161ljanje o lepoti koja leti!<\/figcaption><\/figure>\n<p>\u017deljezni\u010dku komunikaciju vr\u0161i preduze\u0107e &quot;\u017deljeznica Crne Gore&quot; (<a href=\"http:\/\/www.zicg.me\/\" target=\"_blank\" rel=\"noopener noreferrer\">www.zicg.me<\/a>, veb lokacija je dostupna samo na srpskom jeziku). Karte se mogu kupiti direktno na stanicama, kao i na sajtu \u017deleznica Srbije (<a href=\"http:\/\/www.zeleznicesrbije.com\/\" target=\"_blank\" rel=\"noopener noreferrer\">http:\/\/www.zeleznicesrbije.com<\/a>), sajt \u017deleznica Srbije dostupan je na engleskom jeziku. Sajt \u017deleznica Srbije ne odgovara uvek adekvatno na upite, a za kupovinu je potrebna standardna registracija.<\/p>\n<p>Centralna \u017eeljezni\u010dka pruga Crne Gore povezuje stanice <a title=\"Bar, Crna Gora\" href=\"http:\/\/monteonline.ru\/guide\/bar\/\" target=\"_blank\" rel=\"noopener noreferrer\">Bara<\/a>, Podgorica i <a title=\"Kola\u0161in, Crna Gora\" href=\"http:\/\/monteonline.ru\/guide\/kolashin\/\" target=\"_blank\" rel=\"noopener noreferrer\">Kolasina<\/a>, odakle je veza sa Beogradom u susednoj Srbiji, a odatle ve\u0107 sa ostalim evropskim zemljama. Nalazi se na mapi \u017eeljeznica Crne Gore <a href=\"http:\/\/www.zicg.me\/Interaktivna_Mapa\/Interaktivna_mapa.html\" target=\"_blank\" rel=\"noopener noreferrer\">Evo<\/a>. Putuju\u0107i vozom na pruzi Bar-Beograd otvaraju se veli\u010danstveni pogledi na planine i klisure reke Zete. Ovaj krak je poznat po najvi\u0161em \u017eelezni\u010dkom mostu na svetu, njegov centralni deo izme\u0111u dva stuba je 198 metara od dna klisure. Vrijeme putovanja od Bara do Beograda je oko 9 sati, cijena le\u017eaja je oko 40 eura. Imajte na umu da \u0107e vam prilikom kupovine karata van Crne Gore, uklju\u010duju\u0107i i Srbiju, biti potrebna nacionalna valuta doti\u010dne dr\u017eave, na primer, u Srbiji su to srpski dinari.<\/p>\n<h3>4. Automobilom<\/h3>\n<figure id=\"attachment_2842\" aria-describedby=\"caption-attachment-2842\" style=\"width: 1000px\" class=\"wp-caption alignnone\"><a href=\"https:\/\/monteonline.ru\/wp-content\/uploads\/2023\/01\/dsc_0202s.jpg\" rel=\"slide noopener\" target=\"_blank\"><img loading=\"lazy\" decoding=\"async\" class=\"wp-image-2842 size-large\" src=\"https:\/\/monteonline.ru\/wp-content\/uploads\/2023\/01\/dsc_0202s.jpg\" alt=\"Kada vozi\u0161 auto, ti si svoj \u0161ef :)\" width=\"1000\" height=\"664\"><\/a><figcaption id=\"caption-attachment-2842\" class=\"wp-caption-text\">Autom si sam sebi gazda \ud83d\ude42<\/figcaption><\/figure>\n<p>Putovanje putevima planinske Crne Gore \u2013 kao i ve\u0107ine Balkana \u2013 ostavlja turistima ogromnu koli\u010dinu utisaka: neiskusni pogled prose\u010dnog turiste otvara planinske prevoje sa prekrasnim pogledom na Jadran, uvale, lagune i jezera, uske i ne ba\u0161 serpentine, visine stotine metara nadmorske visine, od kojih le\u017ee u\u0161i. Crna Gora je mala dr\u017eava i skoro sve se mo\u017ee lako proputovati automobilom. U Crnoj Gori desno saobracaj. Mape za navigator (Garmin) se mogu preuzeti <a href=\"\/sr\/auto\/automaps\/\">Evo<\/a>.<\/p>\n<p>U stvari, postoji nekoliko ruta od Rusije do Crne Gore, ali mi preporu\u010dujemo ovu rutu: Moskva \u2013 Kijev \u2013 Reni \u2013 Bukure\u0161t \u2013 Beograd \u2013 Lazarevac \u2013 Bijelo Pole \u2013 Mojkovac \u2013 Kola\u0161in \u2013 Podgorica \u2013 Cetinje \u2013 Budva. Detaljnu rutu od Moskve do Crne Gore automobilom pogledajte na mapi: <a href=\"http:\/\/g.co\/maps\/ae3ap\" target=\"_blank\" rel=\"noopener noreferrer\">http:\/\/g.co\/maps\/ae3ap<\/a><\/p>\n<p>Jo\u0161 jedna ruta koju je predlo\u017eio na\u0161 \u010ditatelj Vja\u010deslav, za koju mu se posebno zahvaljujemo:<br \/>\nRusija - Moskva, Smolensk, Bjelorusija - Minsk, Brest, Poljska - Lublin, R\u017ee\u0161ov, Slova\u010dka - Pre\u0161ov, Ko\u0161ice, Ma\u0111arska - Budimpe\u0161ta (putuje se samo kroz centar), Balaton, Hrvatska - Zagreb, Split, Dubrovnik.<br \/>\nNa putu, samo 2 dana sa jednim no\u0107enjem u R\u017ee\u0161ovu, ovo je ta\u010dno pola puta. Putevi nisu ba\u0161 dobri samo u Poljskoj, oko 350 km. Ostali putevi su brzi i postoje putevi sa naplatom putarine. Ne zaboravite kupiti vinjete za automobil za vo\u017enju po brzim cestama u Slova\u010dkoj i Ma\u0111arskoj.<\/p>\n<p>Generalno, saobra\u0107ajni inspektori u Crnoj Gori su prili\u010dno lojalni automobilima sa stranim brojevima, znaju\u0107i da su voza\u010di najvjerovatnije turisti koji donose novac u ovu divnu zemlju. Do sada na obali nisu postavljene nadzorne kamere, a saobra\u0107ajne prekr\u0161aje snimaju li\u010dno lokalni policajci koji stoje na nekoliko \u2013 svima poznatih \u2013 mjesta, naoru\u017eani radarima. Kazna se mo\u017ee platiti na dva na\u010dina: 1) na licu mjesta policijskom slu\u017ebeniku koji \u0107e izdati odgovaraju\u0107i obrazac, 2) u banci - na osnovu istog obrasca. Najve\u0107a dozvoljena brzina na putevima Crne Gore: 50 km\/h u naselju, 80 km\/h van naselja. U Crnoj Gori je dozvoljeno prisustvo alkohola u krvi voza\u010da u nivou do 0,3 ppm (u novom zakonu o bezbjednosti saobra\u0107aja u Crnoj Gori, koji je stupio na snagu januara 2013. godine).<\/p>\n<p>Korisne informacije o <a href=\"http:\/\/monteonline.ru\/auto\/autolaws\/\" target=\"_blank\" rel=\"noopener\">ZAKON O BEZBJEDNOSTI SAOBRA\u0106AJA U CRNOJ GORI<\/a>.<\/p>\n<p>Strani dr\u017eavljani mogu da u\u0111u na teritoriju Crne Gore automobilima strane registracije, uz prisustvo voza\u010dke dozvole (bilo kojeg uzorka! - ne bacajte novac za &quot;me\u0111unarodna prava&quot;, koja se stide pokazati) i &quot;zelene karte&quot; ( zelena karta, zelena karta). <strong>zelena karta (zelena karta)<\/strong> je obavezno osiguranje od gra\u0111anske odgovornosti stranih vlasnika vozila na teritoriji zemalja u\u010desnica me\u0111unarodnog sistema \u201eZelena karta\u201c. Polisa zelene karte mo\u017ee se kupiti od ruskih osiguravaju\u0107ih kompanija unapred ili na granici prilikom ulaska u zemlju koja u\u010destvuje u sistemu zelene karte. Na\u017ealost, ne prodaju svi ruski osigurava\u010di zelenu kartu, posebno za kompanije i njihove podru\u017enice van Moskve i Sankt Peterburga. Za podno\u0161enje zahtjeva za zelenu kartu trebat \u0107e vam sljede\u0107i dokumenti:<\/p>\n<ul>\n<li><strong>Paso\u0161 ili druga li\u010dna karta.<\/strong><\/li>\n<li><strong>Paso\u0161 vozila ili potvrda o registraciji.<\/strong><\/li>\n<\/ul>\n<p>Me\u0111u ruskim kompanijama koje nude osiguranje automobila po sistemu zelene karte su Ingosstrakh i druge.<\/p>\n<p>Polisa zelene karte izdaje se na period od 15 dana do 1 godine. Cijena zelene karte u Crnu Goru za 15 dana je oko 30 eura.<\/p>\n<p>Grani\u010dne ta\u010dke Crne Gore automobilom:<\/p>\n<ul>\n<li>sa Hrvatskom: Confin, Debeli Brieg (na vrhuncu turisti\u010dke sezone na grani\u010dnim prijelazima stvaraju se dugi redovi).<\/li>\n<li>sa Bosnom i Hercegovinom: Vra\u0107enovi\u0107i, Ilino Brdo, Krstats, Metalka, Sitnica, \u0160ula, \u0160\u0107epan Polje, Nudo<\/li>\n<li>sa Albanijom: Bozhay, Grncar, Sukobin<\/li>\n<li>sa Srbijom: Ran\u010de, Dobrakovo, \u010cemerno, Dra\u010denovac, Vu\u010da<\/li>\n<li>sa Kosovom i Metohijom (Srbija): Kula, Bogai, Velika<\/li>\n<\/ul>\n<p>Cijena litra benzina u Crnoj Gori (95 i 98) je 1,35 i 1,38 eura, a cijena litra dizela u Crnoj Gori je 1,28 eura. Kada stignete na benzinsku pumpu, znajte da prvo napunite - pa onda platite.<\/p>\n<p>U odmarali\u0161tima se mnoga parking mesta pla\u0107aju, cena mo\u017ee varirati od 0,4 do 1 evro po satu. Pla\u0107anje se vr\u0161i SMS-om (potra\u017eite kolonu u kojoj je ozna\u010den parking i broj telefona za slanje SMS-a), ili pla\u0107anjem kupona koji se stavlja ispod vjetrobranskog stakla (potra\u017eite samoposlu\u017ene postove ili rospehat kioske, gdje mo\u017eete kupiti i kartu za parkiranje). Za razliku od zapadnoevropskih zemalja, parking slu\u017ebenici aktivno prate naplatu parkinga.<\/p>\n<h3>5. Na jahti<\/h3>\n<figure id=\"attachment_2843\" aria-describedby=\"caption-attachment-2843\" style=\"width: 1024px\" class=\"wp-caption alignnone\"><a href=\"https:\/\/monteonline.ru\/wp-content\/uploads\/2023\/01\/dsc_0011s.jpg\" rel=\"slide noopener\" target=\"_blank\"><img loading=\"lazy\" decoding=\"async\" class=\"wp-image-2843 size-full\" src=\"https:\/\/monteonline.ru\/wp-content\/uploads\/2023\/01\/dsc_0011s.jpg\" alt=\"Na jahti nije bitno samo sti\u0107i tamo, ve\u0107 cijelo krstarenje!\" width=\"1024\" height=\"548\"><\/a><figcaption id=\"caption-attachment-2843\" class=\"wp-caption-text\">Na jahti - nije samo do\u0107i do tamo, to je cijelo krstarenje!<\/figcaption><\/figure>\n<p>Luke <a title=\"Bar, Crna Gora\" href=\"http:\/\/monteonline.ru\/guide\/bar\/\" target=\"_blank\" rel=\"noopener noreferrer\">Bar<\/a>, <a href=\"http:\/\/monteonline.ru\/guide\/budva\/\/\" target=\"_blank\" rel=\"noopener noreferrer\">Budva<\/a>, <a href=\"http:\/\/http:\/\/monteonline.ru\/guide\/kotor\/\/\" target=\"_blank\" rel=\"noopener noreferrer\">Kotor <\/a>i <a title=\"Tivat, Crna Gora\" href=\"http:\/\/monteonline.ru\/guide\/tivat\/\" target=\"_blank\" rel=\"noopener noreferrer\">Tivat<\/a> imaju vezove za prihvat i servisiranje jahti i \u010damaca. Od ljeta 2010 <a href=\"http:\/\/www.portomontenegro.com\" target=\"_blank\" rel=\"noopener noreferrer\">Porto Montenegro<\/a>, (kod Tivta) je zvani\u010dna ulazna luka. Porto Montenegro je prvoklasna marina pretvorena u luksuznu marinu iz biv\u0161e pomorske baze. Porto Montenegro nije samo marina, to je potpuno funkcionalna zajednica koju su izgradili nauti\u010dari za nauti\u010dare, uklju\u010duju\u0107i prostrane rezidencije na obali, luksuzne restorane i prodavnice svetske klase, udobne barove, kao i razvijenu infrastrukturu za sportsku zabavu, rekreaciju i kulturna de\u0161avanja .<\/p>\n<p align=\"right\">Podaci aktuelni na dan 16.01.2014.<\/p>","protected":false},"excerpt":{"rendered":"<p>&nbsp;1. Avionom Postoje dva aerodroma u Crnoj Gori koji primaju me\u0111unarodne letove: odmarali\u0161te Tivat (TIV), koji se nalazi u blizini jadranske obale, i glavni grad Podgorica (TGD), koji se nalazi u unutra\u0161njosti. Aerodrom Tivat je pogodan za one koji putuju na podru\u010dje Boke Kotorske, kao i Budvanske i Barske rivijere, dok je aerodrom Podgorica bli\u017ei Ulcinju. Oba aerodroma [\u2026]<\/p>","protected":false},"author":1,"featured_media":52465,"parent":0,"menu_order":0,"comment_status":"closed","ping_status":"open","template":"page_full-width-with-top-title.php","meta":{"_acf_changed":false,"_themeisle_gutenberg_block_has_review":false,"footnotes":""},"class_list":["post-52464","page","type-page","status-publish","has-post-thumbnail","hentry"],"acf":[],"_links":{"self":[{"href":"https:\/\/monteonline.org\/sr\/wp-json\/wp\/v2\/pages\/52464"}],"collection":[{"href":"https:\/\/monteonline.org\/sr\/wp-json\/wp\/v2\/pages"}],"about":[{"href":"https:\/\/monteonline.org\/sr\/wp-json\/wp\/v2\/types\/page"}],"author":[{"embeddable":true,"href":"https:\/\/monteonline.org\/sr\/wp-json\/wp\/v2\/users\/1"}],"replies":[{"embeddable":true,"href":"https:\/\/monteonline.org\/sr\/wp-json\/wp\/v2\/comments?post=52464"}],"version-history":[{"count":12,"href":"https:\/\/monteonline.org\/sr\/wp-json\/wp\/v2\/pages\/52464\/revisions"}],"predecessor-version":[{"id":52536,"href":"https:\/\/monteonline.org\/sr\/wp-json\/wp\/v2\/pages\/52464\/revisions\/52536"}],"wp:featuredmedia":[{"embeddable":true,"href":"https:\/\/monteonline.org\/sr\/wp-json\/wp\/v2\/media\/52465"}],"wp:attachment":[{"href":"https:\/\/monteonline.org\/sr\/wp-json\/wp\/v2\/media?parent=52464"}],"curies":[{"name":"wp","href":"https:\/\/api.w.org\/{rel}","templated":true}]}}