{"id":52471,"date":"2012-03-08T16:38:51","date_gmt":"2012-03-08T15:38:51","guid":{"rendered":"https:\/\/monteonline.ru\/when\/"},"modified":"2023-01-29T14:44:59","modified_gmt":"2023-01-29T13:44:59","slug":"when","status":"publish","type":"page","link":"https:\/\/monteonline.org\/sr\/when\/","title":{"rendered":"Kada i\u0107i"},"content":{"rendered":"<p>Crna Gora je lijepa u bilo koje doba godine - zato vam savjetujemo da do\u0111ete ovdje u bilo koje godi\u0161nje doba. Uprkos izuzetno skromnoj veli\u010dini Crne Gore, priroda, geografija i klima ove zemlje su izuzetno raznoliki. Potrebno je samo da odlu\u010dite koju vrstu odmora preferirate i \u0161ta o\u010dekujete od Crne Gore.<\/p>\n<p>Jadranska obala Crne Gore ima blagu mediteransku klimu - tople su zime i ugodna ljeta, a termometar se rijetko di\u017ee iznad +30\u00ba \u010dak iu najtoplijim mjesecima. Zimi na obali nema snijega, temperatura se po pravilu ne spu\u0161ta ispod +5\u00baC, ali ki\u0161a i vjetar nisu rijetkost. U unutra\u0161njosti, u planinama, klima postaje hladnija, sli\u010dna alpskoj, u skijali\u0161tima zimi temperatura dosti\u017ee -15\u00baC, a ljeti se penje do +25\u00baC.<\/p>\n<h3>1. Ljeto<\/h3>\n<p>Ljeto u Crnoj Gori je vrijeme za pla\u017eu i aktivnosti na otvorenom. Na primorju sezona kupanja traje od maja do septembra. Najve\u0107i priliv turista de\u0161ava se u julu i avgustu - u ovo vreme su najskuplji letovi i najvi\u0161e cene sme\u0161taja, duplo ili \u010dak trostruko cene u &quot;niskoj&quot; sezoni.<br \/>\nPlanine su otvorene za entuzijaste na otvorenom, za rekreaciju <a title=\"Skadarsko jezero, Crna Gora\" href=\"http:\/\/monteonline.ru\/guide\/skadarsko-jezero\/\" target=\"_blank\" rel=\"noopener noreferrer\">Skadarsko jezero<\/a>, planinarenje i kampovanje u prirodnim rezervatima (<a title=\"Nacionalni park Durmitor, Crna Gora\" href=\"http:\/\/monteonline.ru\/guide\/durmitor\/\" target=\"_blank\" rel=\"noopener noreferrer\">Durmitor <\/a>i Lov\u0107en), rafting na Tari.<\/p>\n<figure id=\"attachment_2849\" aria-describedby=\"caption-attachment-2849\" style=\"width: 1000px\" class=\"wp-caption alignnone\"><a href=\"https:\/\/monteonline.ru\/wp-content\/uploads\/2023\/01\/leto-1.jpg\" rel=\"slide noopener\" target=\"_blank\"><img loading=\"lazy\" decoding=\"async\" class=\"wp-image-2849 size-large\" src=\"https:\/\/monteonline.ru\/wp-content\/uploads\/2023\/01\/leto-1.jpg\" alt=\"Pla\u017ea Dra\u017een Vrt, u blizini Perasta (Crna Gora)\" width=\"1000\" height=\"664\"><\/a><figcaption id=\"caption-attachment-2849\" class=\"wp-caption-text\">Pla\u017ea Dra\u017een Vrt, u blizini Perasta (Crna Gora)<\/figcaption><\/figure>\n<figure id=\"attachment_2850\" aria-describedby=\"caption-attachment-2850\" style=\"width: 1000px\" class=\"wp-caption alignnone\"><a href=\"https:\/\/monteonline.ru\/wp-content\/uploads\/2023\/01\/leto-2.jpg\" rel=\"slide noopener\" target=\"_blank\"><img loading=\"lazy\" decoding=\"async\" class=\"wp-image-2850 size-large\" src=\"https:\/\/monteonline.ru\/wp-content\/uploads\/2023\/01\/leto-2.jpg\" alt=\"Nacionalni park Durmitor, Crno jezero (Crna Gora)\" width=\"1000\" height=\"540\"><\/a><figcaption id=\"caption-attachment-2850\" class=\"wp-caption-text\">Nacionalni park Durmitor, Crno jezero (Crna Gora)<\/figcaption><\/figure>\n<figure id=\"attachment_2851\" aria-describedby=\"caption-attachment-2851\" style=\"width: 1000px\" class=\"wp-caption alignnone\"><a href=\"https:\/\/monteonline.ru\/wp-content\/uploads\/2023\/01\/leto-3.jpg\" rel=\"slide noopener\" target=\"_blank\"><img loading=\"lazy\" decoding=\"async\" class=\"wp-image-2851 size-large\" src=\"https:\/\/monteonline.ru\/wp-content\/uploads\/2023\/01\/leto-3.jpg\" alt=\"Pla\u017ea Dra\u017een Vrt, nedaleko od Perasta (Crna Gora)\" width=\"1000\" height=\"664\"><\/a><figcaption id=\"caption-attachment-2851\" class=\"wp-caption-text\">Pla\u017ea Dra\u017een Vrt, nedaleko od Perasta (Crna Gora)<\/figcaption><\/figure>\n<h3>2. Prolje\u0107e i jesen<\/h3>\n<p>Prolje\u0107e i jesen u Crnoj Gori se smatraju &quot;srednjim&quot; godi\u0161njim dobima. Ovo je lijepo i toplo vrijeme, idealno za romanti\u010dne \u0161etnje i duga putovanja po Crnoj Gori, kada vru\u0107e vrijeme i gomila turista ne mogu da pokvare lijep snimak i utiske. Cijene su osjetno ni\u017ee nego u sezoni, a isto tako dobro funkcionira i turisti\u010dka infrastruktura. Za svaki slu\u010daj ponesite vjetrovku ili kabanicu.<\/p>\n<figure id=\"attachment_2852\" aria-describedby=\"caption-attachment-2852\" style=\"width: 1000px\" class=\"wp-caption alignnone\"><a href=\"https:\/\/monteonline.ru\/wp-content\/uploads\/2023\/01\/osen-1.jpg\" rel=\"slide noopener\" target=\"_blank\"><img loading=\"lazy\" decoding=\"async\" class=\"wp-image-2852 size-large\" src=\"https:\/\/monteonline.ru\/wp-content\/uploads\/2023\/01\/osen-1.jpg\" alt=\"Doru\u010dak na obali Dobrote (Bokokotorski zaliv, Crna Gora)\" width=\"1000\" height=\"664\"><\/a><figcaption id=\"caption-attachment-2852\" class=\"wp-caption-text\">Doru\u010dak na obali Dobrote (Bokokotorski zaliv, Crna Gora)<\/figcaption><\/figure>\n<figure id=\"attachment_2853\" aria-describedby=\"caption-attachment-2853\" style=\"width: 1000px\" class=\"wp-caption alignnone\"><a href=\"https:\/\/monteonline.ru\/wp-content\/uploads\/2023\/01\/osen-2.jpg\" rel=\"slide noopener\" target=\"_blank\"><img loading=\"lazy\" decoding=\"async\" class=\"wp-image-2853 size-large\" src=\"https:\/\/monteonline.ru\/wp-content\/uploads\/2023\/01\/osen-2.jpg\" alt=\"Klizanje na Skadarskom jezeru (Crna Gora; jesen)\" width=\"1000\" height=\"607\"><\/a><figcaption id=\"caption-attachment-2853\" class=\"wp-caption-text\">Klizanje na Skadarskom jezeru (Crna Gora; jesen)<\/figcaption><\/figure>\n<figure id=\"attachment_2854\" aria-describedby=\"caption-attachment-2854\" style=\"width: 1000px\" class=\"wp-caption alignnone\"><a href=\"https:\/\/monteonline.ru\/wp-content\/uploads\/2023\/01\/osen-3.jpg\" rel=\"slide noopener\" target=\"_blank\"><img loading=\"lazy\" decoding=\"async\" class=\"wp-image-2854 size-large\" src=\"https:\/\/monteonline.ru\/wp-content\/uploads\/2023\/01\/osen-3.jpg\" alt=\"Nacionalni park Durmitor u jesen (Crna Gora)\" width=\"1000\" height=\"500\"><\/a><figcaption id=\"caption-attachment-2854\" class=\"wp-caption-text\">Nacionalni park Durmitor u jesen (Crna Gora)<\/figcaption><\/figure>\n<h3>3. Zima<\/h3>\n<p>Oni koji su istinski zaljubljenici u &quot;zemlju crnih gora&quot; zimi dolaze na crnogorsko primorje. Na obali se zima smatra \u201eniskom\u201c sezonom, cijene su \u0161to je mogu\u0107e ni\u017ee, a lokalno stanovni\u0161tvo, koje nije razma\u017eeno pa\u017enjom turista, posebno je gostoljubivo i ljubazno. Ve\u0107ina kafi\u0107a i restorana je zatvorena do prole\u0107a, a na raspolaganju su vam ona mesta na koja odlaze lokalno stanovni\u0161tvo - naoru\u017eajte se rusko-srpskim govornikom i zapo\u010dnite neobavezni razgovor - i nau\u010di\u0107ete mnogo zanimljivih stvari iz prve ruke!<br \/>\nU planinama je glavna sezona od decembra do marta. Najpopularnija skijali\u0161ta su <a title=\"\u017dabljak, Crna Gora\" href=\"http:\/\/monteonline.ru\/guide\/zabljak\/\" target=\"_blank\" rel=\"noopener noreferrer\">\u017dabljak <\/a>i <a title=\"Kola\u0161in, Crna Gora\" href=\"http:\/\/monteonline.ru\/guide\/kolashin\/\" target=\"_blank\" rel=\"noopener noreferrer\">Kola\u0161in<\/a>, ovdje se snje\u017eni pokriva\u010d zadr\u017eava i do 120 dana u godini.<\/p>\n<figure id=\"attachment_2855\" aria-describedby=\"caption-attachment-2855\" style=\"width: 1000px\" class=\"wp-caption alignnone\"><a href=\"https:\/\/monteonline.ru\/wp-content\/uploads\/2023\/01\/zima-1.jpg\" rel=\"slide noopener\" target=\"_blank\"><img loading=\"lazy\" decoding=\"async\" class=\"wp-image-2855 size-large\" src=\"https:\/\/monteonline.ru\/wp-content\/uploads\/2023\/01\/zima-1.jpg\" alt=\"Stari grad Budva (Crna Gora; zima)\" width=\"1000\" height=\"664\"><\/a><figcaption id=\"caption-attachment-2855\" class=\"wp-caption-text\">Stari grad Budva (Crna Gora; zima)<\/figcaption><\/figure>\n<figure id=\"attachment_2856\" aria-describedby=\"caption-attachment-2856\" style=\"width: 1000px\" class=\"wp-caption alignnone\"><a href=\"https:\/\/monteonline.ru\/wp-content\/uploads\/2023\/01\/zima-2.jpg\" rel=\"slide noopener\" target=\"_blank\"><img loading=\"lazy\" decoding=\"async\" class=\"wp-image-2856 size-large\" src=\"https:\/\/monteonline.ru\/wp-content\/uploads\/2023\/01\/zima-2.jpg\" alt=\"Glavni grad Crne Gore je Cetinje (zimi)\" width=\"1000\" height=\"664\"><\/a><figcaption id=\"caption-attachment-2856\" class=\"wp-caption-text\">Glavni grad Crne Gore - Cetinje (zima)<\/figcaption><\/figure>\n<figure id=\"attachment_2858\" aria-describedby=\"caption-attachment-2858\" style=\"width: 1000px\" class=\"wp-caption alignnone\"><a href=\"https:\/\/monteonline.ru\/wp-content\/uploads\/2023\/01\/zima-31.jpg\" rel=\"slide noopener\" target=\"_blank\"><img loading=\"lazy\" decoding=\"async\" class=\"wp-image-2858 size-large\" src=\"https:\/\/monteonline.ru\/wp-content\/uploads\/2023\/01\/zima-31.jpg\" alt=\"\u0160etnja Perastom (Crna Gora; zima)\" width=\"1000\" height=\"664\"><\/a><figcaption id=\"caption-attachment-2858\" class=\"wp-caption-text\">\u0160etnja Perastom (Crna Gora; zima)<\/figcaption><\/figure>\n<h3>Tablica temperature<\/h3>\n<table style=\"width: 100%;\">\n<tbody>\n<tr>\n<td style=\"width: 62.6667%; background-color: #ebc57a; text-align: center;\" colspan=\"5\"><span style=\"font-size: 14px;\">Obala<\/span><\/td>\n<th style=\"text-align: center; width: 2.26667%;\"><\/th>\n<td style=\"width: 34.9333%; text-align: center;\" colspan=\"3\" align=\"center\" bgcolor=\"#EEC591\"><span style=\"font-size: 14px;\">Planinska podru\u010dja<\/span><\/td>\n<\/tr>\n<tr>\n<td style=\"width: 11.7333%;\">Mjesec<\/td>\n<td style=\"text-align: center; width: 17.3333%;\" colspan=\"2\" bgcolor=\"#E0FFFF\"><span style=\"font-size: 14px;\">Temperatura zraka \u00b0C<\/span><\/td>\n<td style=\"text-align: center; width: 15.7333%;\" bgcolor=\"#00F5FF\"><span style=\"font-size: 14px;\">Temperatura vode \u00b0C<\/span><\/td>\n<td style=\"text-align: center; width: 17.8667%;\" bgcolor=\"#FFFF00\"><span style=\"font-size: 14px;\">Broj sun\u010danih satova<\/span><\/td>\n<th style=\"text-align: center; width: 2.26667%;\"><\/th>\n<td style=\"text-align: center; width: 17.2%;\" colspan=\"2\" bgcolor=\"#E0FFFF\"><span style=\"font-size: 14px;\">Temperatura zraka \u00b0C<\/span><\/td>\n<td style=\"text-align: center; width: 17.7333%;\" bgcolor=\"#FFFF00\"><span style=\"font-size: 14px;\">Broj sun\u010danih satova<\/span><\/td>\n<\/tr>\n<tr>\n<td style=\"width: 11.7333%;\"><\/td>\n<td style=\"text-align: center; width: 8.13333%;\"><span style=\"font-size: 14px;\">Min.<\/span><\/td>\n<td style=\"text-align: center; width: 9.2%;\"><span style=\"font-size: 14px;\">Max.<\/span><\/td>\n<td style=\"text-align: center; width: 15.7333%;\"><\/td>\n<td style=\"text-align: center; width: 17.8667%;\"><\/td>\n<td style=\"text-align: center; width: 2.26667%;\"><\/td>\n<td style=\"text-align: center; width: 8%;\"><span style=\"font-size: 14px;\">Min.<\/span><\/td>\n<td style=\"text-align: center; width: 9.2%;\"><span style=\"font-size: 14px;\">Max.<\/span><\/td>\n<td style=\"text-align: center; width: 17.7333%;\"><\/td>\n<\/tr>\n<tr>\n<td style=\"text-align: left; background-color: #f2f2f2; width: 11.7333%;\">JANUAR<\/td>\n<td style=\"text-align: center; background-color: #f2f2f2; width: 8.13333%;\">4<\/td>\n<td style=\"text-align: center; background-color: #f2f2f2; width: 9.2%;\">12<\/td>\n<td style=\"text-align: center; background-color: #f2f2f2; width: 15.7333%;\">13<\/td>\n<td style=\"text-align: center; background-color: #f2f2f2; width: 17.8667%;\">116<\/td>\n<th style=\"text-align: center; width: 2.26667%;\"><\/th>\n<td style=\"text-align: center; background-color: #f2f2f2; width: 8%;\">2<\/td>\n<td style=\"text-align: center; background-color: #f2f2f2; width: 9.2%;\">-7<\/td>\n<td style=\"text-align: center; background-color: #f2f2f2; width: 17.7333%;\">84<\/td>\n<\/tr>\n<tr>\n<td style=\"text-align: left; width: 11.7333%;\">FEBRUAR<\/td>\n<td style=\"text-align: center; width: 8.13333%;\">5<\/td>\n<td style=\"text-align: center; width: 9.2%;\">12<\/td>\n<td style=\"text-align: center; width: 15.7333%;\">13<\/td>\n<td style=\"text-align: center; width: 17.8667%;\">119<\/td>\n<th style=\"text-align: center; width: 2.26667%;\"><\/th>\n<td style=\"text-align: center; width: 8%;\">4<\/td>\n<td style=\"text-align: center; width: 9.2%;\">-6<\/td>\n<td style=\"text-align: center; width: 17.7333%;\">96<\/td>\n<\/tr>\n<tr>\n<td style=\"text-align: left; background-color: #f2f2f2; width: 11.7333%;\">MART<\/td>\n<td style=\"text-align: center; background-color: #f2f2f2; width: 8.13333%;\">7<\/td>\n<td style=\"text-align: center; background-color: #f2f2f2; width: 9.2%;\">15<\/td>\n<td style=\"text-align: center; background-color: #f2f2f2; width: 15.7333%;\">14<\/td>\n<td style=\"text-align: center; background-color: #f2f2f2; width: 17.8667%;\">165<\/td>\n<th style=\"text-align: center; width: 2.26667%;\"><\/th>\n<td style=\"text-align: center; background-color: #f2f2f2; width: 8%;\">8<\/td>\n<td style=\"text-align: center; background-color: #f2f2f2; width: 9.2%;\">-3<\/td>\n<td style=\"text-align: center; background-color: #f2f2f2; width: 17.7333%;\">137<\/td>\n<\/tr>\n<tr>\n<td style=\"text-align: left; width: 11.7333%;\">APRIL<\/td>\n<td style=\"text-align: center; width: 8.13333%;\">10<\/td>\n<td style=\"text-align: center; width: 9.2%;\">19<\/td>\n<td style=\"text-align: center; width: 15.7333%;\">16<\/td>\n<td style=\"text-align: center; width: 17.8667%;\">194<\/td>\n<th style=\"text-align: center; width: 2.26667%;\"><\/th>\n<td style=\"text-align: center; width: 8%;\">12<\/td>\n<td style=\"text-align: center; width: 9.2%;\">1<\/td>\n<td style=\"text-align: center; width: 17.7333%;\">159<\/td>\n<\/tr>\n<tr>\n<td style=\"text-align: left; background-color: #f2f2f2; width: 11.7333%;\">MAJ<\/td>\n<td style=\"text-align: center; background-color: #f2f2f2; width: 8.13333%;\">14<\/td>\n<td style=\"text-align: center; background-color: #f2f2f2; width: 9.2%;\">22<\/td>\n<td style=\"text-align: center; background-color: #f2f2f2; width: 15.7333%;\">20<\/td>\n<td style=\"text-align: center; background-color: #f2f2f2; width: 17.8667%;\">254<\/td>\n<th style=\"text-align: center; width: 2.26667%;\"><\/th>\n<td style=\"text-align: center; background-color: #f2f2f2; width: 8%;\">18<\/td>\n<td style=\"text-align: center; background-color: #f2f2f2; width: 9.2%;\">5<\/td>\n<td style=\"text-align: center; background-color: #f2f2f2; width: 17.7333%;\">192<\/td>\n<\/tr>\n<tr>\n<td style=\"text-align: left; width: 11.7333%;\">JUN<\/td>\n<td style=\"text-align: center; width: 8.13333%;\">17<\/td>\n<td style=\"text-align: center; width: 9.2%;\">26<\/td>\n<td style=\"text-align: center; width: 15.7333%;\">24<\/td>\n<td style=\"text-align: center; width: 17.8667%;\">289<\/td>\n<th style=\"text-align: center; width: 2.26667%;\"><\/th>\n<td style=\"text-align: center; width: 8%;\">21<\/td>\n<td style=\"text-align: center; width: 9.2%;\">8<\/td>\n<td style=\"text-align: center; width: 17.7333%;\">204<\/td>\n<\/tr>\n<tr>\n<td style=\"text-align: left; background-color: #f2f2f2; width: 11.7333%;\">JULI<\/td>\n<td style=\"text-align: center; background-color: #f2f2f2; width: 8.13333%;\">19<\/td>\n<td style=\"text-align: center; background-color: #f2f2f2; width: 9.2%;\">29<\/td>\n<td style=\"text-align: center; background-color: #f2f2f2; width: 15.7333%;\">24<\/td>\n<td style=\"text-align: center; background-color: #f2f2f2; width: 17.8667%;\">338<\/td>\n<th style=\"text-align: center; width: 2.26667%;\"><\/th>\n<td style=\"text-align: center; background-color: #f2f2f2; width: 8%;\">23<\/td>\n<td style=\"text-align: center; background-color: #f2f2f2; width: 9.2%;\">9<\/td>\n<td style=\"text-align: center; background-color: #f2f2f2; width: 17.7333%;\">262<\/td>\n<\/tr>\n<tr>\n<td style=\"text-align: left; width: 11.7333%;\">AVGUST<\/td>\n<td style=\"text-align: center; width: 8.13333%;\">19<\/td>\n<td style=\"text-align: center; width: 9.2%;\">29<\/td>\n<td style=\"text-align: center; width: 15.7333%;\">25<\/td>\n<td style=\"text-align: center; width: 17.8667%;\">312<\/td>\n<th style=\"text-align: center; width: 2.26667%;\"><\/th>\n<td style=\"text-align: center; width: 8%;\">24<\/td>\n<td style=\"text-align: center; width: 9.2%;\">9<\/td>\n<td style=\"text-align: center; width: 17.7333%;\">246<\/td>\n<\/tr>\n<tr>\n<td style=\"text-align: left; background-color: #f2f2f2; width: 11.7333%;\">SEPTEMBAR<\/td>\n<td style=\"text-align: center; background-color: #f2f2f2; width: 8.13333%;\">17<\/td>\n<td style=\"text-align: center; background-color: #f2f2f2; width: 9.2%;\">26<\/td>\n<td style=\"text-align: center; background-color: #f2f2f2; width: 15.7333%;\">24<\/td>\n<td style=\"text-align: center; background-color: #f2f2f2; width: 17.8667%;\">248<\/td>\n<th style=\"text-align: center; width: 2.26667%;\"><\/th>\n<td style=\"text-align: center; background-color: #f2f2f2; width: 8%;\">20<\/td>\n<td style=\"text-align: center; background-color: #f2f2f2; width: 9.2%;\">6<\/td>\n<td style=\"text-align: center; background-color: #f2f2f2; width: 17.7333%;\">194<\/td>\n<\/tr>\n<tr>\n<td style=\"text-align: left; width: 11.7333%;\">OKTOBAR<\/td>\n<td style=\"text-align: center; width: 8.13333%;\">13<\/td>\n<td style=\"text-align: center; width: 9.2%;\">22<\/td>\n<td style=\"text-align: center; width: 15.7333%;\">21<\/td>\n<td style=\"text-align: center; width: 17.8667%;\">192<\/td>\n<th style=\"text-align: center; width: 2.26667%;\"><\/th>\n<td style=\"text-align: center; width: 8%;\">15<\/td>\n<td style=\"text-align: center; width: 9.2%;\">2<\/td>\n<td style=\"text-align: center; width: 17.7333%;\">159<\/td>\n<\/tr>\n<tr>\n<td style=\"text-align: left; background-color: #f2f2f2; width: 11.7333%;\">NOVEMBAR<\/td>\n<td style=\"text-align: center; background-color: #f2f2f2; width: 8.13333%;\">9<\/td>\n<td style=\"text-align: center; background-color: #f2f2f2; width: 9.2%;\">14<\/td>\n<td style=\"text-align: center; background-color: #f2f2f2; width: 15.7333%;\">18<\/td>\n<td style=\"text-align: center; background-color: #f2f2f2; width: 17.8667%;\">121<\/td>\n<th style=\"text-align: center; width: 2.26667%;\"><\/th>\n<td style=\"text-align: center; background-color: #f2f2f2; width: 8%;\">9<\/td>\n<td style=\"text-align: center; background-color: #f2f2f2; width: 9.2%;\">-1<\/td>\n<td style=\"text-align: center; background-color: #f2f2f2; width: 17.7333%;\">97<\/td>\n<\/tr>\n<tr>\n<td style=\"text-align: left; width: 11.7333%;\">DECEMBAR<\/td>\n<td style=\"text-align: center; width: 8.13333%;\">6<\/td>\n<td style=\"text-align: center; width: 9.2%;\">13<\/td>\n<td style=\"text-align: center; width: 15.7333%;\">15<\/td>\n<td style=\"text-align: center; width: 17.8667%;\">106<\/td>\n<th style=\"text-align: center; width: 2.26667%;\"><\/th>\n<td style=\"text-align: center; width: 8%;\">3<\/td>\n<td style=\"text-align: center; width: 9.2%;\">-5<\/td>\n<td style=\"text-align: center; width: 17.7333%;\">75<\/td>\n<\/tr>\n<\/tbody>\n<\/table>\n<p>&nbsp;<\/p>","protected":false},"excerpt":{"rendered":"<p>Crna Gora je lijepa u bilo koje doba godine - zato vam savjetujemo da do\u0111ete ovdje u bilo koje godi\u0161nje doba. Uprkos izuzetno skromnoj veli\u010dini Crne Gore, priroda, geografija i klima ove zemlje su izuzetno raznoliki. Potrebno je samo da odlu\u010dite koju vrstu odmora preferirate i \u0161ta o\u010dekujete od Crne Gore. Jadransko primorje Crne Gore ima blagu mediteransku klimu - tople zime [\u2026]<\/p>","protected":false},"author":1,"featured_media":52472,"parent":0,"menu_order":0,"comment_status":"closed","ping_status":"open","template":"page_full-width-with-top-title.php","meta":{"_acf_changed":false,"_themeisle_gutenberg_block_has_review":false,"footnotes":""},"class_list":["post-52471","page","type-page","status-publish","has-post-thumbnail","hentry"],"acf":[],"_links":{"self":[{"href":"https:\/\/monteonline.org\/sr\/wp-json\/wp\/v2\/pages\/52471"}],"collection":[{"href":"https:\/\/monteonline.org\/sr\/wp-json\/wp\/v2\/pages"}],"about":[{"href":"https:\/\/monteonline.org\/sr\/wp-json\/wp\/v2\/types\/page"}],"author":[{"embeddable":true,"href":"https:\/\/monteonline.org\/sr\/wp-json\/wp\/v2\/users\/1"}],"replies":[{"embeddable":true,"href":"https:\/\/monteonline.org\/sr\/wp-json\/wp\/v2\/comments?post=52471"}],"version-history":[{"count":3,"href":"https:\/\/monteonline.org\/sr\/wp-json\/wp\/v2\/pages\/52471\/revisions"}],"predecessor-version":[{"id":52537,"href":"https:\/\/monteonline.org\/sr\/wp-json\/wp\/v2\/pages\/52471\/revisions\/52537"}],"wp:featuredmedia":[{"embeddable":true,"href":"https:\/\/monteonline.org\/sr\/wp-json\/wp\/v2\/media\/52472"}],"wp:attachment":[{"href":"https:\/\/monteonline.org\/sr\/wp-json\/wp\/v2\/media?parent=52471"}],"curies":[{"name":"wp","href":"https:\/\/api.w.org\/{rel}","templated":true}]}}