{"id":52482,"date":"2012-03-08T16:42:46","date_gmt":"2012-03-08T15:42:46","guid":{"rendered":"https:\/\/monteonline.ru\/what\/"},"modified":"2023-01-29T14:45:45","modified_gmt":"2023-01-29T13:45:45","slug":"what","status":"publish","type":"page","link":"https:\/\/monteonline.org\/sr\/what\/","title":{"rendered":"Stvari koje treba uraditi"},"content":{"rendered":"<p>Crna Gora je mala dr\u017eava na jadranskoj obali sa mediteranskom klimom koja oli\u010dava snove i najlu\u0111e fantazije svih svojih gostiju. Klima i geografija Crne Gore omogu\u0107avaju vam da ovdje do\u0111ete u bilo koje doba godine: uvijek ima \u0161ta raditi i za turiste i za obi\u010dne ljude. Nedostaje li vam snijeg i \u017eelite da odete na skijanje, ili mo\u017eda le\u017eite na pje\u0161\u010danoj pla\u017ei, ronite, pobolj\u0161ate svoje zdravlje i kondiciju ili se divite spomenicima drevne istorije? I u isto vrijeme u\u010diniti sve prili\u010dno jeftino, bez \u017ertvovanja udobnosti? Crna Gora je najbolji izbor.<\/p>\n<p><strong>Odmor na pla\u017ei u Crnoj Gori<\/strong><\/p>\n<figure id=\"attachment_3382\" aria-describedby=\"caption-attachment-3382\" style=\"width: 1000px\" class=\"wp-caption alignnone\"><a href=\"https:\/\/monteonline.ru\/wp-content\/uploads\/2023\/01\/oblatno.jpg\" rel=\"slide noopener\" target=\"_blank\"><img loading=\"lazy\" decoding=\"async\" class=\"wp-image-3382 size-large\" src=\"https:\/\/monteonline.ru\/wp-content\/uploads\/2023\/01\/oblatno.jpg\" alt=\"Pla\u017ea Oblatno, Lu\u0161tica, Crna Gora\" width=\"1000\" height=\"536\"><\/a><figcaption id=\"caption-attachment-3382\" class=\"wp-caption-text\">Naravno, plivanje je prva stvar!<\/figcaption><\/figure>\n<p>Pla\u017ee u Crnoj Gori su savr\u0161en izbor za sve ljubitelje kupanja, sun\u010danja i aktivnijeg provoda na obali mora. Sezona pla\u017ea u Crnoj Gori po\u010dinje u aprilu-maju i traje do septembra-oktobra (<a href=\"http:\/\/monteonline.ru\/when\/\" target=\"_blank\" rel=\"noopener noreferrer\">prosje\u010dne temperature u Crnoj Gori<\/a>).<\/p>\n<p>Crna Gora ima dugu obalu (oko 75 km), du\u017e koje se prote\u017eu kilometri raznih pla\u017ea \u2013 od \u0161ljun\u010danih i kamenih, razvedenih planinskim grebenima (pla\u017ee <a href=\"http:\/\/monteonline.ru\/guide\/boka-kotorska\/\" target=\"_blank\" rel=\"noopener noreferrer\">Boka Kotorska<\/a> i <a title=\"Budva, Crna Gora\" href=\"http:\/\/monteonline.ru\/guide\/budva\/\" target=\"_blank\" rel=\"noopener noreferrer\">Budvanska rivijera<\/a>), do pje\u0161\u010danih sa jedinstvenim ljekovitim svojstvima (najmanji bijeli pijesak na podru\u010dju Velike pla\u017ee, &nbsp;<a href=\"http:\/\/monteonline.ru\/guide\/ulzin\/\" target=\"_blank\" rel=\"noopener noreferrer\">Ulcinj rivijera<\/a>) . Turiste \u010dekaju i netaknute osamljene pla\u017ee i pla\u0107ene pla\u017ee opremljene le\u017ealjkama, svla\u010dionicama, pe\u0161kirima itd. Mnoge pla\u017ee u Crnoj Gori imaju plitko dno i dug ulaz, \u0161to je pogodno za porodice sa decom - ne morate brinite da \u0107e va\u0161e voljeno dijete plivati predaleko.<br \/>\nPro\u010ditajte na na\u0161em blogu:<br \/>\n<a href=\"http:\/\/monteonline.ru\/blog\/~budva_riviera\/\" target=\"_blank\" rel=\"noopener noreferrer\">Pla\u017ee u Crnoj Gori: Budvanska rivijera, prvi deo (Sveti Stefan, Milo\u010der, Pr\u017eno)<\/a><br \/>\n<a href=\"http:\/\/monteonline.ru\/blog\/~swimming_season\/\" target=\"_blank\" rel=\"noopener noreferrer\">Otvaranje kupali\u0161ne sezone!<\/a><\/p>\n<p><strong>Zimski odmor u Crnoj Gori<\/strong><\/p>\n<figure id=\"attachment_6656\" aria-describedby=\"caption-attachment-6656\" style=\"width: 800px\" class=\"wp-caption alignnone\"><a href=\"https:\/\/monteonline.ru\/wp-content\/uploads\/2023\/01\/dsc1832.jpg\" rel=\"slide noopener\" target=\"_blank\"><img loading=\"lazy\" decoding=\"async\" class=\"wp-image-6656 size-full\" src=\"https:\/\/monteonline.ru\/wp-content\/uploads\/2023\/01\/dsc1832.jpg\" alt=\"Snje\u017ena zabava na planinama Crne Gore\" width=\"800\" height=\"531\"><\/a><figcaption id=\"caption-attachment-6656\" class=\"wp-caption-text\">Snje\u017ena zabava na planinama Crne Gore<\/figcaption><\/figure>\n<p>Ljubitelji skijanja i drugih zimskih sportova ne\u0107e ostati ravnodu\u0161ni na zemlju crnih planina. U Crnoj Gori postoje odli\u010dni centri za zimsku rekreaciju: <a title=\"\u017dabljak, Crna Gora\" href=\"http:\/\/monteonline.ru\/guide\/zabljak\/\" target=\"_blank\" rel=\"noopener noreferrer\">\u017dabljak <\/a>i <a href=\"http:\/\/monteonline.ru\/guide\/kolashin\/\" target=\"_blank\" rel=\"noopener noreferrer\">Kola\u0161in<\/a>.<br \/>\n&#8212; <a title=\"\u017dabljak, Crna Gora\" href=\"http:\/\/monteonline.ru\/guide\/zabljak\/\" target=\"_blank\" rel=\"noopener noreferrer\">\u017dabljak <\/a>- gradi\u0107 koji se nalazi u podno\u017eju \u010cernobijskih Alpa - Durmitor.<br \/>\n&#8212; <a href=\"http:\/\/monteonline.ru\/guide\/kolashin\/\" target=\"_blank\" rel=\"noopener noreferrer\">Kola\u0161in<\/a> nalazi se u centralnom dijelu zemlje na nadmorskoj visini od 950 m.<\/p>\n<p><strong>Ekskurzije u Crnoj Gori<\/strong><\/p>\n<figure id=\"attachment_3328\" aria-describedby=\"caption-attachment-3328\" style=\"width: 1000px\" class=\"wp-caption alignnone\"><a href=\"https:\/\/monteonline.ru\/wp-content\/uploads\/2023\/01\/32-2.jpg\" rel=\"slide noopener\" target=\"_blank\"><img loading=\"lazy\" decoding=\"async\" class=\"wp-image-3328 size-large\" src=\"https:\/\/monteonline.ru\/wp-content\/uploads\/2023\/01\/32-2.jpg\" alt=\"Izlet na Skadarsko jezero\" width=\"1000\" height=\"331\"><\/a><figcaption id=\"caption-attachment-3328\" class=\"wp-caption-text\">Vo\u017enja \u010damcem na Skadarskom jezeru<\/figcaption><\/figure>\n<p>Odmor u Crnoj Gori nije ograni\u010den samo na odmor na pla\u017ei. Dobro razvijena infrastruktura, jedinstveni prirodni resursi, bogata istorija i kultura Crne Gore, plus nevjerovatna klima ne\u0107e nikoga ostaviti ravnodu\u0161nim, a putovanja po zemlji \u0107e donijeti puno nezaboravnih utisaka i fotografija koje \u0107e dugo krasiti va\u0161 desktop.<\/p>\n<p>Me\u0111u spomenicima prirode Crne Gore, nemogu\u0107e je ne ista\u0107i veli\u010danstven <a title=\"Boka Kotorska\" href=\"http:\/\/monteonline.ru\/guide\/boka-kotorska\/\" target=\"_blank\" rel=\"noopener noreferrer\">Boka Kotorska<\/a>, rezervat prirode <a title=\"Skadarsko jezero, Crna Gora\" href=\"http:\/\/monteonline.ru\/guide\/skadarsko-jezero\/\" target=\"_blank\" rel=\"noopener noreferrer\">Skadarsko jezero<\/a>, najdublji kanjon reke Tare u Evropi (dubina do 1300 m), planine Lov\u0107en i nacionalni park <a title=\"Nacionalni park Durmitor, Crna Gora\" href=\"http:\/\/monteonline.ru\/guide\/durmitor\/\" target=\"_blank\" rel=\"noopener noreferrer\">Durmitor<\/a>. Skadarsko jezero je okru\u017eeno slikovitim i veli\u010danstvenim planinama, a njegova povr\u0161ina je ukra\u0161ena lokvanjima. Tako\u0111e u Crnoj Gori postoje mnogi arhitektonski spomenici antike, me\u0111u kojima su srednjovjekovne kule i anti\u010dke crkve, ukra\u0161ene anti\u010dkim ikonama.<\/p>\n<p>Rado \u0107emo vam pomo\u0107i da otkrijete Crnu Goru, i to ne samo da je otkrijete, ve\u0107 da zagledate u njeno srce. Tokom na\u0161ih individualnih izleta, mo\u017eete ne samo vidjeti razne znamenitosti Crne Gore, ve\u0107 i kupati se u moru, ku\u0161ati doma\u0107a jela u nacionalnom restoranu, uop\u0161te, opustiti se i tijelom i du\u0161om. Za detalje pogledajte odjeljak. <a href=\"http:\/\/monteonline.ru\/tour\/\" target=\"_blank\" rel=\"noopener noreferrer\">Ekskurzije<\/a>.<\/p>\n<p><strong>Slobodno vrijeme<\/strong><\/p>\n<figure id=\"attachment_4964\" aria-describedby=\"caption-attachment-4964\" style=\"width: 800px\" class=\"wp-caption alignnone\"><a href=\"https:\/\/monteonline.ru\/wp-content\/uploads\/2023\/01\/dsc_0279.jpg\" rel=\"slide noopener\" target=\"_blank\"><img loading=\"lazy\" decoding=\"async\" class=\"wp-image-4964 size-full\" src=\"https:\/\/monteonline.ru\/wp-content\/uploads\/2023\/01\/dsc_0279.jpg\" alt=\"Pje\u0161a\u010dke ture u Crnoj Gori\" width=\"800\" height=\"531\"><\/a><figcaption id=\"caption-attachment-4964\" class=\"wp-caption-text\">Aktivan odmor na planini<\/figcaption><\/figure>\n<p>Crna Gora je pravo otkri\u0107e za ljubitelje raftinga, penjanja i kampovanja (<a title=\"Nacionalni park Durmitor, Crna Gora\" href=\"http:\/\/monteonline.ru\/guide\/durmitor\/\" target=\"_blank\" rel=\"noopener noreferrer\">Durmitor<\/a>, Lovcen), planinarenje, skijanje i snowboarding (<a title=\"\u017dabljak, Crna Gora\" href=\"http:\/\/monteonline.ru\/guide\/zabljak\/\" target=\"_blank\" rel=\"noopener noreferrer\">\u017dabljak<\/a>, <a href=\"http:\/\/monteonline.ru\/guide\/kolashin\/\" target=\"_blank\" rel=\"noopener noreferrer\">Kola\u0161in<\/a>), ronjenje (<a href=\"http:\/\/monteonline.ru\/guide\/ulzin\/\/\" target=\"_blank\" rel=\"noopener noreferrer\">Ulcinj rivijera<\/a>) i jedrenje (nekoliko marina se nalazi u <a href=\"http:\/\/monteonline.ru\/guide\/kotor\/\/\" target=\"_blank\" rel=\"noopener noreferrer\">Kotor<\/a>, <a title=\"Tivat, Crna Gora\" href=\"http:\/\/monteonline.ru\/guide\/tivat\/\" target=\"_blank\" rel=\"noopener noreferrer\">Tivat<\/a>, <a href=\"http:\/\/monteonline.ru\/guide\/budva\/\/\" target=\"_blank\" rel=\"noopener noreferrer\">Budva <\/a>i sl.).<\/p>\n<figure id=\"attachment_6617\" aria-describedby=\"caption-attachment-6617\" style=\"width: 800px\" class=\"wp-caption alignnone\"><a href=\"https:\/\/monteonline.ru\/wp-content\/uploads\/2023\/01\/ekskursia_vranovo-brdo-04-1.jpg\" rel=\"slide noopener\" target=\"_blank\"><img loading=\"lazy\" decoding=\"async\" class=\"wp-image-6617 size-full\" src=\"https:\/\/monteonline.ru\/wp-content\/uploads\/2023\/01\/ekskursia_vranovo-brdo-04-1.jpg\" alt=\"Planinarska tura na Raven planinu, Perast, Crna Gora\" width=\"800\" height=\"452\"><\/a><figcaption id=\"caption-attachment-6617\" class=\"wp-caption-text\">Pje\u0161a\u010dke ture<\/figcaption><\/figure>\n<p><strong>Lije\u010denje i prevencija<\/strong><\/p>\n<figure id=\"attachment_7513\" aria-describedby=\"caption-attachment-7513\" style=\"width: 800px\" class=\"wp-caption alignnone\"><a href=\"https:\/\/monteonline.ru\/wp-content\/uploads\/2023\/01\/1339142903_orthopedics-bona-mente-dead-sea_4.jpg\" rel=\"slide noopener\" target=\"_blank\"><img loading=\"lazy\" decoding=\"async\" class=\"wp-image-7513 size-full\" src=\"https:\/\/monteonline.ru\/wp-content\/uploads\/2023\/01\/1339142903_orthopedics-bona-mente-dead-sea_4.jpg\" alt=\"Lije\u010denje u Crnoj Gori\" width=\"800\" height=\"536\"><\/a><figcaption id=\"caption-attachment-7513\" class=\"wp-caption-text\">Lije\u010denje u Crnoj Gori<\/figcaption><\/figure>\n<p>Posebna mikroklima zemlje, ljekovito blato i kombinacija mnogih prirodnih faktora \u010dine Crnu Goru jedinstvenim lje\u010dili\u0161tem. Jedan od najpoznatijih sanatorijuma na \u010ditavom Balkanu nalazi se u gradu Igalo (u blizini g. <a href=\"http:\/\/monteonline.ru\/guide\/hertzeg-novi\/\" target=\"_blank\" rel=\"noopener noreferrer\">Herceg Novi<\/a>, <a title=\"Boka Kotorska\" href=\"http:\/\/monteonline.ru\/guide\/boka-kotorska\/\" target=\"_blank\" rel=\"noopener noreferrer\">Boka Kotorska<\/a>). Ovdje je svjetski poznat <a href=\"http:\/\/igalospa.com\/igalospa\/pagesrus\/mainFrameAbout.htm\" target=\"_blank\" rel=\"noopener noreferrer\">Centar za fizioterapiju i rehabilitaciju<\/a>. Uz pomo\u0107 hidroterapije, talasoterapije (uklju\u010duju\u0107i upotrebu terapeutske gline koja se kopa na obalama <a title=\"Boka Kotorska\" href=\"http:\/\/monteonline.ru\/guide\/boka-kotorska\/\" target=\"_blank\" rel=\"noopener noreferrer\">Boka Kotorska<\/a>), hidroterapijom, raznim vrstama masa\u017ee lije\u010de se mnoga oboljenja, kao \u0161to su bolesti mi\u0161i\u0107no-ko\u0161tanog sistema, kardiovaskularne bolesti itd. Sitni pijesak Velike pla\u017ee u <a href=\"http:\/\/monteonline.ru\/guide\/ulzin\/\/\" target=\"_blank\" rel=\"noopener noreferrer\">Ulcinj <\/a>(Velika Pla\u017ea), koja je vulkanskog porijekla i zbog toga je bogata mineralima.<\/p>\n<p><strong>putovanje automobilom<\/strong><\/p>\n<figure id=\"attachment_2218\" aria-describedby=\"caption-attachment-2218\" style=\"width: 1000px\" class=\"wp-caption alignnone\"><a href=\"https:\/\/monteonline.ru\/wp-content\/uploads\/2023\/01\/retrocar.jpg\" rel=\"slide noopener\" target=\"_blank\"><img loading=\"lazy\" decoding=\"async\" class=\"wp-image-2218 size-full\" src=\"https:\/\/monteonline.ru\/wp-content\/uploads\/2023\/01\/retrocar.jpg\" alt=\"Putovanje automobilom po Crnoj Gori\" width=\"1000\" height=\"750\"><\/a><figcaption id=\"caption-attachment-2218\" class=\"wp-caption-text\">Putovanje automobilom po Crnoj Gori<\/figcaption><\/figure>\n<p>Znamenitosti Crne Gore nalaze se i na primorju i na planinama. Obala obuhvata blizinu Boke Kotorske i \u010ditavu obalu Jadrana (<a href=\"http:\/\/monteonline.ru\/guide\/hertzeg-novi\/\" target=\"_blank\" rel=\"noopener noreferrer\">Herceg Novi<\/a> - <a href=\"http:\/\/monteonline.ru\/guide\/kotor\/\" target=\"_blank\" rel=\"noopener noreferrer\">Kotor<\/a>&nbsp; \u2014 &nbsp;<a href=\"http:\/\/monteonline.ru\/guide\/budva\/\" target=\"_blank\" rel=\"noopener noreferrer\">Budva<\/a>&nbsp; \u2013 Petrovac \u2013 &nbsp;<a href=\"http:\/\/monteonline.ru\/guide\/bar\/\" target=\"_blank\" rel=\"noopener noreferrer\">Bar<\/a> \u2014 <a href=\"http:\/\/monteonline.ru\/guide\/ulzin\/\" target=\"_blank\" rel=\"noopener noreferrer\">Ulcinj<\/a> itd.), planinske rute pokrivaju podru\u010dje izme\u0111u gradova <a href=\"http:\/\/monteonline.ru\/guide\/cetinje\/\" target=\"_blank\" rel=\"noopener noreferrer\">Cetinje<\/a> \u2013 Podgorica \u2013 <a title=\"\u017dabljak, Crna Gora\" href=\"http:\/\/monteonline.ru\/guide\/zabljak\/\" target=\"_blank\" rel=\"noopener noreferrer\">\u017dabljak<\/a>.<\/p>\n<p>Ako imate dovoljno vremena i ne \u017eelite da se zadovoljite standardnom uslugom hotela sa vi\u0161e zvjezdica i istom savr\u0161enom pla\u017eom, ne\u0107ete odoljeti isku\u0161enju putovanja automobilom kroz ovu planinsku zemlju, tokom kojeg mo\u017eete voziti u najvi\u0161e udaljena sela u koja turisti rijetko kro\u010de, kupajte se u veli\u010danstvenim jezerima Crne Gore i divite se \u010dak i udaljenim spomenicima prirode i arhitekture.<\/p>\n<figure id=\"attachment_3379\" aria-describedby=\"caption-attachment-3379\" style=\"width: 1000px\" class=\"wp-caption alignnone\"><a href=\"https:\/\/monteonline.ru\/wp-content\/uploads\/2023\/01\/kajak.jpg\" rel=\"slide noopener\" target=\"_blank\"><img loading=\"lazy\" decoding=\"async\" class=\"wp-image-3379 size-large\" src=\"https:\/\/monteonline.ru\/wp-content\/uploads\/2023\/01\/kajak.jpg\" alt=\"Kajakarenje, Crna Gora\" width=\"1000\" height=\"666\"><\/a><figcaption id=\"caption-attachment-3379\" class=\"wp-caption-text\">Svi na kajacima!<\/figcaption><\/figure>\n<p>Ideje za samostalna putovanja po Crnoj Gori pro\u010ditajte na na\u0161em blogu:<\/p>\n<p><a title=\"Aktivnosti Ideje: Kajak\" href=\"http:\/\/monteonline.ru\/blog\/%7Ekayaking\/\" target=\"_blank\" rel=\"noopener\">Aktivnosti Ideje: Kajak<\/a><\/p>\n<p><a title=\"Ideje za aktivnosti na otvorenom u Crnoj Gori: Manastir Ostrog\" href=\"http:\/\/monteonline.ru\/blog\/%7Eostrog\/\" target=\"_blank\" rel=\"noopener\">Ideje za aktivnosti na otvorenom u Crnoj Gori: Manastir Ostrog<\/a><\/p>\n<p><a title=\"Ideje za aktivnosti na otvorenom u Crnoj Gori: od Crne Gore do Hrvatske, Dubrovnik\" href=\"http:\/\/monteonline.ru\/blog\/%7Edubrovnik\/\" target=\"_blank\" rel=\"noopener\">Ideje za aktivnosti na otvorenom u Crnoj Gori: od Crne Gore do Hrvatske, Dubrovnik<\/a><\/p>\n<p><a title=\"Ideje za samostalno putovanje u Crnu Goru: povratak u Dubrovnik\" href=\"http:\/\/monteonline.ru\/blog\/%7Edubrovnik1\/\" target=\"_blank\" rel=\"noopener\">Ideje za samostalno putovanje u Crnu Goru: povratak u Dubrovnik<\/a><\/p>\n<p><a title=\"Ideje za aktivnosti na otvorenom u Crnoj Gori: zidine Kotora\" href=\"http:\/\/monteonline.ru\/blog\/%7Eoutdoor\/\" target=\"_blank\" rel=\"noopener\">Ideje za aktivnosti na otvorenom u Crnoj Gori: zidine Kotora<\/a><\/p>\n<p><a href=\"http:\/\/monteonline.ru\/blog\/~mavzolej\" target=\"_blank\" rel=\"noopener\">Ideje za aktivnosti na otvorenom u Crnoj Gori: Cattaro stepenice i Nego\u0161ev mauzolej<\/a><\/p>\n<p><a href=\"http:\/\/monteonline.ru\/blog\/~negushi1\" target=\"_blank\" rel=\"noopener\">Selo Njegu\u0161i i grad Cetinje&nbsp;<\/a><\/p>\n<p><a href=\"http:\/\/monteonline.ru\/blog\/~skadarlake\" target=\"_blank\" rel=\"noopener\">Putovanje Skadarskim jezerom<\/a><\/p>\n<p><strong>Za detaljan opis i fotografije gradova i znamenitosti Crne Gore pogledajte na\u0161 <a href=\"http:\/\/monteonline.ru\/guide\/\" target=\"_blank\" rel=\"noopener noreferrer\">vodi\u010d<\/a>.<\/strong><\/p>","protected":false},"excerpt":{"rendered":"<p>Crna Gora je mala dr\u017eava na jadranskoj obali sa mediteranskom klimom koja ostvaruje snove i najlu\u0111e fantazije svih svojih gostiju. Klima i geografija Crne Gore omogu\u0107avaju vam da ovdje do\u0111ete u bilo koje doba godine: uvijek se ima \u0161ta raditi i za turiste i za obi\u010dne ljude. Nedostaje vam snijeg i \u017eelite i\u0107i na skijanje, ili mo\u017eda le\u017eati na [\u2026]<\/p>","protected":false},"author":1,"featured_media":51776,"parent":0,"menu_order":0,"comment_status":"closed","ping_status":"open","template":"page_full-width-with-top-title.php","meta":{"_acf_changed":false,"_themeisle_gutenberg_block_has_review":false,"footnotes":""},"class_list":["post-52482","page","type-page","status-publish","has-post-thumbnail","hentry"],"acf":[],"_links":{"self":[{"href":"https:\/\/monteonline.org\/sr\/wp-json\/wp\/v2\/pages\/52482"}],"collection":[{"href":"https:\/\/monteonline.org\/sr\/wp-json\/wp\/v2\/pages"}],"about":[{"href":"https:\/\/monteonline.org\/sr\/wp-json\/wp\/v2\/types\/page"}],"author":[{"embeddable":true,"href":"https:\/\/monteonline.org\/sr\/wp-json\/wp\/v2\/users\/1"}],"replies":[{"embeddable":true,"href":"https:\/\/monteonline.org\/sr\/wp-json\/wp\/v2\/comments?post=52482"}],"version-history":[{"count":3,"href":"https:\/\/monteonline.org\/sr\/wp-json\/wp\/v2\/pages\/52482\/revisions"}],"predecessor-version":[{"id":52540,"href":"https:\/\/monteonline.org\/sr\/wp-json\/wp\/v2\/pages\/52482\/revisions\/52540"}],"wp:featuredmedia":[{"embeddable":true,"href":"https:\/\/monteonline.org\/sr\/wp-json\/wp\/v2\/media\/51776"}],"wp:attachment":[{"href":"https:\/\/monteonline.org\/sr\/wp-json\/wp\/v2\/media?parent=52482"}],"curies":[{"name":"wp","href":"https:\/\/api.w.org\/{rel}","templated":true}]}}