{"id":52502,"date":"2016-06-17T10:50:09","date_gmt":"2016-06-17T09:50:09","guid":{"rendered":"https:\/\/monteonline.ru\/immigration\/"},"modified":"2023-01-29T14:47:12","modified_gmt":"2023-01-29T13:47:12","slug":"immigration","status":"publish","type":"page","link":"https:\/\/monteonline.org\/sr\/immigration\/","title":{"rendered":"Imigracija u Crnu Goru"},"content":{"rendered":"<p><img loading=\"lazy\" decoding=\"async\" class=\"alignnone wp-image-24635 size-full\" src=\"https:\/\/monteonline.ru\/wp-content\/uploads\/2023\/01\/head_immigration.jpg\" alt=\"imigracija_glave\" width=\"840\" height=\"190\" \/><\/p>\n<p>Ako ste se ve\u0107 odlu\u010dili ili jo\u0161 razmi\u0161ljate <strong>useljavanje u Crnu Goru<\/strong>onda \u0107emo vam pomo\u0107i da napravite ovaj korak. Gledaju\u0107i unapred, \u017eeleo bih da ka\u017eem da je proces dobijanja <strong>boravi\u0161na dozvola (dozvola)<\/strong> u Crnoj Gori je prili\u010dno jednostavan, brz i ne zahtijeva velika ulaganja. Uprkos novom zakonu koji je stupio na snagu 1. aprila 2015. godine, proces imigracije je i dalje jednostavan i brz. Jedna od glavnih promjena po novom zakonu je postojanje diplome sa potvrdom za nostrifikaciju, pa je ne zaboravite ponijeti kada se kre\u0107ete.<\/p>\n<p>Od 1. aprila 2016. godine svi vlasnici nekretnina mo\u0107i \u0107e da dobiju boravi\u0161nu dozvolu bez otvaranja firme i pla\u0107anja mjese\u010dnog poreza, nudi na\u0161a kompanija <b>popust<\/b>\u00a0prilikom upisa po osnovu svojine na nepokretnostima u Crnoj Gori.<\/p>\n<p>Autori sajta <a href=\"http:\/\/www.monteonline.ru\" target=\"_blank\" rel=\"noopener\">monteonline.com<\/a> i sami smo morali pro\u0107i sve potrebne formalnosti, te rado dijelimo svoje iskustvo i pru\u017eamo bilo kakvu pomo\u0107 oko papirologije.<\/p>\n<h3>Uslovi<\/h3>\n<p>Za gra\u0111ane:<\/p>\n<ul>\n<li>Rusiji je dozvoljen bezvizni ulazak u Crnu Goru na period od 1 mjeseca<br \/>\n(u ljetnom periodu 2017. godine 90 dana).<\/li>\n<li>Ulazak u Ukrajinu bez vize na period od 3 mjeseca.<\/li>\n<li>Bjelorusija, ulaz samo uz pozivnicu ili rezervaciju hotela.<\/li>\n<li>Ulazak Kazahstana u Crnu Goru, u periodu od 01.05 do 31.10, bezvizni ulazak, u ostalom vremenu potrebna je viza, mo\u017ee se izdati u konzulatu.<\/li>\n<li>Uzbekistan, Tad\u017eikistan, Kirgistan zahtevaju vizu, tako\u0111e se mo\u017ee dobiti u ambasadi.<\/li>\n<li>Za sve ostale gra\u0111ane je dozvoljena \u0161engenska viza, du\u017eina boravka do 3 mjeseca.<\/li>\n<\/ul>\n<p>Adresa Ambasade Crne Gore u Ruskoj Federaciji:\u00a0<span style=\"line-height: 1.5;\">119049, Rusija, Moskva, ul. Mytnaya 3, kancelarija 23-25. Telefon: +7 499 230 18 65<\/span><\/p>\n<p>Ukoliko \u017eelite da ostanete na du\u017ei period, potrebno je da prethodno dogovorite turisti\u010dku vizu na period od 3 mjeseca u crnogorskoj ambasadi u Moskvi. Svi turisti u Crnoj Gori moraju platiti <strong>turisti\u010dka taksa<\/strong> po stopi od 0,8 eurocenti dnevno po osobi (da biste dobili tzv.<strong>bijeli karton<\/strong>&quot;). Za turista to mo\u017ee u\u010diniti njegov turisti\u010dki agent, upravitelj hotela ili apartmana; Boravi\u0161nu taksu mo\u017eete platiti i sami u policijskoj stanici.<br \/>\nAko ste se zaljubili u Crnu Goru i \u017eelite da ovdje ostanete du\u017ee i sa pravima koja su zna\u010dajnija od obi\u010dnog turiste, onda <strong>poslovna imigracija<\/strong>.<\/p>\n<h3>Vrste imigracije<\/h3>\n<p>Poslovna imigracija je mogu\u0107a uz poziv na posao. U ovom slu\u010daju, organizacija koja poziva mo\u017ee biti i crnogorska kompanija koja \u017eeli da vas zaposli, i kompanija koja vam pripada. U Crnoj Gori svaki stranac ima pravo da otvori pravno lice, tj. firma, i pozovite sebe i sve druge za koje \u017eelite da rade. Na osnovu poziva za rad se izdaje <strong>privremena boravi\u0161na dozvola (&quot;borawak&quot;<\/strong>, \u0161to je u su\u0161tini <strong>radna viza za Crnu Goru)<\/strong> na period od 1 godine. Upravo ovu metodu sada aktivno praktikuju Rusi i drugi imigranti u Crnu Goru.<\/p>\n<p>Pored poslovne imigracije, postoji <strong>imigracija spajanja porodice<\/strong>. Po ovom osnovu, vlasnik kompanije mo\u017ee svoju porodicu dovesti u Crnu Goru bez potrebe za zapo\u0161ljavanjem. Ukoliko \u017eelite da svoju sudbinu pove\u017eete sa Crnom Gorom na du\u017ee vreme, mora\u0107ete da obnovite boravak na 5 uzastopnih godina, nakon \u010dega se mo\u017eete prijaviti za <strong>stalna boravi\u0161na dozvola<\/strong>. Stalna boravi\u0161na dozvola daje sva prava i mogu\u0107nosti stanovnika Crne Gore, osim prava da glasa i da se kandiduje za predsjednika (bez \u010dega se u principu mo\u017ee \u017eivjeti!). Kasnije mo\u017eete dobiti <strong>crnogorsko dr\u017eavljanstvo<\/strong>, me\u0111utim, u ovom slu\u010daju \u0107ete se morati odre\u0107i ruskog dr\u017eavljanstva, po\u0161to Crna Gora ne dozvoljava dvojno dr\u017eavljanstvo, me\u0111utim, kao rusko.<\/p>\n<p>Detaljno sa tekstom <strong>Zakon o strancima za 2016. na ruskom jeziku<\/strong> mozes da vidis <a href=\"http:\/\/monteonline.ru\/immigration\/zakon_o_strancima\/\" target=\"_blank\" rel=\"noopener\">Evo<\/a>.<\/p>\n<h3>Kako primiti<\/h3>\n<ol>\n<li>Dolazak u Crnu Goru (bez viza boravak do 30 dana).<\/li>\n<li>Registracija firme na va\u0161e ime (lokalni zakon dozvoljava registraciju preduze\u0107a za strane dr\u017eavljane).<\/li>\n<li>Prijava radne dozvole i zasnivanje radnog odnosa u firmi kao direktor (ili radni odnos u<br \/>\npostoje\u0107a kompanija, u kom slu\u010daju registracija vlastite kompanije nije potrebna).<\/li>\n<li>Registracija dozvole za privremeni boravak za direktora i zaposlene u osnovanom preduze\u0107u.<\/li>\n<li>Registracija privremene boravi\u0161ne dozvole za \u010dlanove porodice.<\/li>\n<\/ol>\n<h3>Potrebni dokumenti<\/h3>\n<p>Za odobrenje <strong>firme i boravka<\/strong> U Crnoj Gori su potrebna slede\u0107a dokumenta:<\/p>\n<ol>\n<li>Va\u017ee\u0107i paso\u0161.<\/li>\n<li>Diploma o obrazovanju (\u0161kolska ili fakultetska), obavezna sa ocjenama.<\/li>\n<li>Potvrda o kaznenom dosijeu (mo\u017ee se dobiti u odjelu Ministarstva unutra\u0161njih poslova Rusije na mjestu registracije) (za boravi\u0161nu dozvolu).<\/li>\n<li>Izvod iz mati\u010dne knjige ro\u0111enih za djecu (za spajanje porodice).<\/li>\n<li>Izvod iz mati\u010dne knjige vjen\u010danih (za spajanje porodice).<\/li>\n<li>Prijava u mjestu boravka (bijeli karton) vr\u0161i se na licu mjesta.<\/li>\n<\/ol>\n<h3>Uslovi registracije<\/h3>\n<p>Registracija firme traje otprilike 4-8 dana, registracija boravka traje otprilike 14-20 dana. Brzina registracije ovisi o sezoni, na primjer, u ljetnoj sezoni, zbog optere\u0107enosti policije, traje malo du\u017ee (policija je nadle\u017ena za registraciju turista, ali i imigranata i radnika iz drugih zemalja). U jesen i zimu, po pravilu, proces je br\u017ei.<\/p>\n<p>Vrijedi napomenuti i da je va\u0161e li\u010dno prisustvo potrebno samo 3 puta: kod notara (za izdavanje punomo\u0107i za podno\u0161enje dokumenata u va\u0161e ime pouzdanoj kompaniji), prilikom podno\u0161enja dokumenata policiji, gdje \u0107e vam uzeti biometriju podatke (otisci prstiju, fotografije i sl.) i po dobijanju boravi\u0161ne dozvole.<br \/>\nRokovi za dobijanje boravi\u0161ne dozvole su otprilike 14-20 dana. Nostrifikacija diplome, 15-90 dana.<\/p>\n<h3>Cijene<\/h3>\n<p>Registracija doo firme (po na\u0161em mi\u0161ljenju &quot;doo&quot;) - 250 eura.<\/p>\n<p><strong>Ovaj iznos uklju\u010duje:<\/strong><\/p>\n<ul>\n<li>Pla\u0107anje dr\u017eavne takse.<\/li>\n<li>Registracija u poreskoj policiji i drugim dr\u017eavnim agencijama.<\/li>\n<li>Davanje pravne adrese za otvaranje firme.<\/li>\n<li>Pomo\u0107 pri otvaranju bankovnog ra\u010duna u Crnoj Gori.<\/li>\n<li>Izdavanje radne dozvole.<\/li>\n<\/ul>\n<p><strong>Dodatni tro\u0161kovi:<\/strong><\/p>\n<ul>\n<li>Izrada pe\u010data firme (redovni) - 15 eura.<\/li>\n<li>Izrada pe\u010data firme (automatski) - 30 eura.<\/li>\n<\/ul>\n<p><strong>Mjese\u010dne uplate za kompaniju (ili LLC):<\/strong><\/p>\n<ul>\n<li>Ura\u010dunati porez - od 35 do 130 eura.<\/li>\n<li>Pla\u0107anje usluga knjigovo\u0111e - od 50 do 100 eura.<\/li>\n<\/ul>\n<p><strong>Za dizajn boravka:<\/strong><\/p>\n<ul>\n<li>1 osoba - 200 eura.<\/li>\n<li>2 osobe - 250 eura.<\/li>\n<li>3 osobe - 350 eura.<\/li>\n<li>4 osobe - 450 eura.<\/li>\n<li>preko 5 osoba - 100 eura.<\/li>\n<\/ul>\n<p><strong>Dodatni tro\u0161kovi:<\/strong><\/p>\n<ul>\n<li>Prevod dokumenata na srpski jezik (uklju\u010duju\u0107i paso\u0161) - 20 evra \/ 1 dokument.<\/li>\n<li>Ovjera svih dokumenata kod notara - 12 eura.<\/li>\n<li>Otvaranje li\u010dnog bankovnog ra\u010duna i dobijanje potvrde o statusu ra\u010duna - 3 eura.<\/li>\n<li>Du\u0161o. osiguranje - 27 eura.<\/li>\n<li>Ljekarski pregled - 40 eura.<\/li>\n<li>Ugovor o najmu stana (po potrebi) - od 30 eura.<\/li>\n<li>Dr\u017eava. naknada za boravi\u0161nu dozvolu - od 35 do 65 eura.<\/li>\n<li>Nostrifikacija diplome - od 100 do 300 eura.<\/li>\n<\/ul>\n<p><strong>Zaposlenje u postoje\u0107oj firmi:<br \/>\n<\/strong><\/p>\n<ul>\n<li>Zaposlenje 100 eura \/ 1 osoba.<\/li>\n<li>Izdavanje radne dozvole je besplatno.<\/li>\n<li>Ura\u010dunati porez od 35 do 130 eura mjese\u010dno (u zavisnosti od firme).<\/li>\n<\/ul>\n<p><strong>Za prijavu boravka (pod uslovom zaposlenja u postoje\u0107oj firmi):<\/strong><\/p>\n<ul>\n<li>1 osoba - 150 eura.<\/li>\n<\/ul>\n<p><strong>Dodatni tro\u0161kovi:<\/strong><\/p>\n<ul>\n<li>Prevod dokumenata na srpski jezik (uklju\u010duju\u0107i paso\u0161) - 20 evra \/ 1 dokument.<\/li>\n<li>Ovjera svih dokumenata kod notara - 20 eura.<\/li>\n<li>Otvaranje li\u010dnog bankovnog ra\u010duna i dobijanje potvrde o statusu ra\u010duna - 3 eura.<\/li>\n<li>Du\u0161o. osiguranje - 27 eura.<\/li>\n<li>Ljekarski pregled - 40 eura.<\/li>\n<li>Ugovor o najmu stana (po potrebi) - od 30 eura.<\/li>\n<li>Dr\u017eava. naknada za boravi\u0161nu dozvolu - od 35 do 65 eura.<\/li>\n<li>Nostrifikacija diplome - od 100 do 300 eura.<\/li>\n<\/ul>\n<p>Tako se prilikom registracije porodice ili vi\u0161e osoba smanjuju tro\u0161kovi po osobi.<br \/>\nUplata u cijelosti nije potrebna odmah, prilikom predaje dokumenata pla\u0107ate samo 50% od ukupnog iznosa, a po dobijanju boravi\u0161ne dozvole preostalih 50%.<\/p>\n<p>Vlada Crne Gore je u martu 2012. godine uvela dodatni uslov za dobijanje boravi\u0161ne dozvole \u2013 to je iznos na va\u0161em bankovnom ra\u010dunu po stopi od 10 eura\/dan za cijelu godinu boravka u Crnoj Gori \u2013 ukupno <strong>3650 eura<\/strong> po osobi godi\u0161nje. To nikako nisu tro\u0161kovi, ve\u0107 formalnost koja potvr\u0111uje da \u0107ete imati od \u010dega \u017eivjeti u Crnoj Gori dok ne po\u010dnete da zara\u0111ujete. Niko ne treba da plati ovaj iznos. Cijeli iznos mo\u017eete podi\u0107i doslovno sljede\u0107eg dana i ponovo ga uplatiti na ra\u010dun drugog i sljede\u0107ih osoba.<\/p>\n<p>U principu, mo\u017eete registrovati firmu i dozvolu za privremeni boravak i \u017eivjeti u Crnoj Gori, uz pla\u0107anje minimalnih poreza samo ako imate prihode van Crne Gore. Ili mo\u017eete krenuti u promociju sopstvenog biznisa, jer su Crnogorci mirni i ne\u017eurni ljudi, pa neke poslovne ni\u0161e jo\u0161 uvijek nisu zauzete. Njima, kako da se izrazim, nedostaju neke \u017eustrine i o\u0161troumnosti, \u0161to je svojstveno na\u0161im poduzetnijim sunarodnicima.<\/p>\n<p>Ubudu\u0107e, za produ\u017eenje boravi\u0161ne dozvole, ili za jo\u0161 1 godinu, ostvarujemo popust od 50%.<\/p>\n<p>Ako ste ve\u0107 odlu\u010dili da se preselite u Crnu Goru, potrebno je da do\u0111ete ovdje (na\u0161a kancelarija se nalazi u Herceg Novom) i kontaktirate nas putem telefona: +382 69 96 2280 ili nam pi\u0161ete na <a href=\"mailto:info@monteonline.ru\">email<\/a>, re\u0107i \u0107emo vam kako do\u0107i do nas i kako zapo\u010deti proces podno\u0161enja zahtjeva za boravi\u0161nu dozvolu. Bolje je, naravno, da nas kontaktirate unaprijed kako bismo vam unaprijed dali potrebne informacije, a vi se \u0161to bolje pripremili za preseljenje u Crnu Goru.<\/p>\n<p><em>Podaci su aktuelni na dan 01.02.2017.<\/em><\/p>\n<p>Ostali korisni \u010dlanci o preseljenju u Crnu Goru:<\/p>\n<ul>\n<li><a title=\"Koliko vam je novca potrebno da emigrirate u Crnu Goru?\" href=\"http:\/\/monteonline.ru\/blog\/~immigratsiya-v-chernogoriyu-1\/\" target=\"_blank\" rel=\"noopener\">Koliko vam je novca potrebno da emigrirate u Crnu Goru?<\/a><\/li>\n<li><a title=\"Kada je najbolje vrijeme za preseljenje u Crnu Goru?\" href=\"http:\/\/monteonline.ru\/blog\/~immigratsiya-v-chernogoriyu-2\/\" target=\"_blank\" rel=\"noopener\">Kada je najbolje vrijeme za preseljenje u Crnu Goru?<\/a><\/li>\n<li><a href=\"http:\/\/monteonline.ru\/blog\/~rabota_v_montenegro\/\" target=\"_blank\" rel=\"noopener\">Kako prona\u0107i posao u Crnoj Gori?<\/a><\/li>\n<li><a href=\"http:\/\/monteonline.ru\/blog\/~immigratsija-zima\/\" target=\"_blank\" rel=\"noopener\">Kako se \u017eivi u Crnoj Gori zimi?<\/a><\/li>\n<li><a href=\"http:\/\/monteonline.ru\/bookeeping\/\" target=\"_blank\" rel=\"noopener\">Ruski ra\u010dunovo\u0111a u Crnoj Gori<\/a><\/li>\n<li><a href=\"http:\/\/monteonline.ru\/questions\/\" target=\"_blank\" rel=\"noopener\">Odgovori na \u010desto postavljana pitanja<\/a><\/li>\n<\/ul>","protected":false},"excerpt":{"rendered":"<p>Ako ste se ve\u0107 odlu\u010dili ili jo\u0161 razmi\u0161ljate o imigraciji u Crnu Goru, onda \u0107emo vam pomo\u0107i da napravite ovaj korak. Gledaju\u0107i unaprijed, \u017eelim da ka\u017eem da je proces dobijanja boravi\u0161ne dozvole (dozvole) u Crnoj Gori prili\u010dno jednostavan, brz i ne zahtijeva velika ulaganja. Uprkos novom zakonu koji je stupio na snagu 1. aprila 2015. godine, imigraciona [\u2026]<\/p>","protected":false},"author":1,"featured_media":52503,"parent":0,"menu_order":0,"comment_status":"closed","ping_status":"open","template":"page_full-width-with-top-title.php","meta":{"_acf_changed":false,"_themeisle_gutenberg_block_has_review":false,"footnotes":""},"class_list":["post-52502","page","type-page","status-publish","has-post-thumbnail","hentry"],"acf":[],"_links":{"self":[{"href":"https:\/\/monteonline.org\/sr\/wp-json\/wp\/v2\/pages\/52502"}],"collection":[{"href":"https:\/\/monteonline.org\/sr\/wp-json\/wp\/v2\/pages"}],"about":[{"href":"https:\/\/monteonline.org\/sr\/wp-json\/wp\/v2\/types\/page"}],"author":[{"embeddable":true,"href":"https:\/\/monteonline.org\/sr\/wp-json\/wp\/v2\/users\/1"}],"replies":[{"embeddable":true,"href":"https:\/\/monteonline.org\/sr\/wp-json\/wp\/v2\/comments?post=52502"}],"version-history":[{"count":4,"href":"https:\/\/monteonline.org\/sr\/wp-json\/wp\/v2\/pages\/52502\/revisions"}],"predecessor-version":[{"id":52543,"href":"https:\/\/monteonline.org\/sr\/wp-json\/wp\/v2\/pages\/52502\/revisions\/52543"}],"wp:featuredmedia":[{"embeddable":true,"href":"https:\/\/monteonline.org\/sr\/wp-json\/wp\/v2\/media\/52503"}],"wp:attachment":[{"href":"https:\/\/monteonline.org\/sr\/wp-json\/wp\/v2\/media?parent=52502"}],"curies":[{"name":"wp","href":"https:\/\/api.w.org\/{rel}","templated":true}]}}